{"id":2098,"date":"2024-01-08T09:07:23","date_gmt":"2024-01-08T09:07:23","guid":{"rendered":"http:\/\/www.mundusmaris.org\/donazioni\/"},"modified":"2025-05-27T12:18:52","modified_gmt":"2025-05-27T12:18:52","slug":"donazioni","status":"publish","type":"page","link":"https:\/\/www.mundusmaris.org\/it\/donazioni\/","title":{"rendered":"Donazioni"},"content":{"rendered":"<div class=\"fusion-fullwidth fullwidth-box fusion-builder-row-1 fusion-flex-container has-pattern-background has-mask-background nonhundred-percent-fullwidth non-hundred-percent-height-scrolling\" style=\"--awb-border-radius-top-left:0px;--awb-border-radius-top-right:0px;--awb-border-radius-bottom-right:0px;--awb-border-radius-bottom-left:0px;--awb-flex-wrap:wrap;\" ><div class=\"fusion-builder-row fusion-row fusion-flex-align-items-flex-start fusion-flex-content-wrap\" style=\"max-width:1248px;margin-left: calc(-4% \/ 2 );margin-right: calc(-4% \/ 2 );\"><div class=\"fusion-layout-column fusion_builder_column fusion-builder-column-0 fusion_builder_column_1_1 1_1 fusion-flex-column\" style=\"--awb-bg-size:cover;--awb-width-large:100%;--awb-margin-top-large:0px;--awb-spacing-right-large:1.92%;--awb-margin-bottom-large:20px;--awb-spacing-left-large:1.92%;--awb-width-medium:100%;--awb-order-medium:0;--awb-spacing-right-medium:1.92%;--awb-spacing-left-medium:1.92%;--awb-width-small:100%;--awb-order-small:0;--awb-spacing-right-small:1.92%;--awb-spacing-left-small:1.92%;\"><div class=\"fusion-column-wrapper fusion-column-has-shadow fusion-flex-justify-content-flex-start fusion-content-layout-column\"><div class=\"fusion-text fusion-text-1\"><p>Se volete vedere degli ecosistemi marini ricchi e sani, se volete vedere delle comunit\u00e0 costiere prospere e non un ulteriore aumento delle meduse, sostenete le nostre attivit\u00e0!<\/p>\n<p>Come associazione non lucrativa, ci reggiamo unicamente sulle donazioni, di conseguenza ogni contributo \u00e8 largamente apprezzato!<\/p>\n<p>Un versamento mensile a <em>Mundus maris<\/em> sar\u00e0 un grande aiuto per garantire la stabilit\u00e0 delle nostre risorse ed aumentare la nostra capacit\u00e0 di rispondere ai crescenti bisogni e necessit\u00e0 per la protezione degli oceani.<\/p>\n<p>Un contributo finanziario\u00a0<em>una tantum<\/em>\u00a0sar\u00e0 comunque ugualmente benvenuto.<\/p>\n<p>Potete effettuare i versamenti sul conto seguente:<\/p>\n<table border=\"0\">\n<tbody>\n<tr>\n<td><strong>IBAN:<\/strong><\/td>\n<td><strong>BE54<\/strong><\/td>\n<td><strong>0688<\/strong><\/td>\n<td><strong>9178<\/strong><\/td>\n<td><strong>6297<\/strong><\/td>\n<td><strong>BIC \/ SWIFT:<\/strong><\/td>\n<td><strong>GKCCBEBB<\/strong><\/td>\n<\/tr>\n<\/tbody>\n<\/table>\n<p><span id=\"result_box\" lang=\"it\">Beneficiario:\u00a0<em>Mundus maris<\/em>\u00a0asbl<\/span><\/p>\n<p>Belfius Bank, Avenue de Tervueren \/ Tervuerenlaan 255 \u2013 1150 Woluwe-Saint-Pierre \/ Sint-Pieters-Woluwe, Belgio<\/p>\n<p>Siatene certi: non importa quale somma inviate, il vostro contributo pu\u00f2 fare la differenza.<\/p>\n<\/div><\/div><\/div><\/div><\/div>\n","protected":false},"excerpt":{"rendered":"","protected":false},"author":2,"featured_media":0,"parent":0,"menu_order":0,"comment_status":"closed","ping_status":"closed","template":"","meta":{"_acf_changed":false,"footnotes":""},"categoria-pagina":[],"class_list":["post-2098","page","type-page","status-publish","hentry"],"acf":[],"_links":{"self":[{"href":"https:\/\/www.mundusmaris.org\/it\/wp-json\/wp\/v2\/pages\/2098","targetHints":{"allow":["GET"]}}],"collection":[{"href":"https:\/\/www.mundusmaris.org\/it\/wp-json\/wp\/v2\/pages"}],"about":[{"href":"https:\/\/www.mundusmaris.org\/it\/wp-json\/wp\/v2\/types\/page"}],"author":[{"embeddable":true,"href":"https:\/\/www.mundusmaris.org\/it\/wp-json\/wp\/v2\/users\/2"}],"replies":[{"embeddable":true,"href":"https:\/\/www.mundusmaris.org\/it\/wp-json\/wp\/v2\/comments?post=2098"}],"version-history":[{"count":3,"href":"https:\/\/www.mundusmaris.org\/it\/wp-json\/wp\/v2\/pages\/2098\/revisions"}],"predecessor-version":[{"id":16959,"href":"https:\/\/www.mundusmaris.org\/it\/wp-json\/wp\/v2\/pages\/2098\/revisions\/16959"}],"wp:attachment":[{"href":"https:\/\/www.mundusmaris.org\/it\/wp-json\/wp\/v2\/media?parent=2098"}],"wp:term":[{"taxonomy":"categoria-pagina","embeddable":true,"href":"https:\/\/www.mundusmaris.org\/it\/wp-json\/wp\/v2\/categoria-pagina?post=2098"}],"curies":[{"name":"wp","href":"https:\/\/api.w.org\/{rel}","templated":true}]}}