{"id":2033,"date":"2023-12-15T11:25:52","date_gmt":"2023-12-15T11:25:52","guid":{"rendered":"http:\/\/www.mundusmaris.org\/su-di-noi\/"},"modified":"2025-02-22T20:07:27","modified_gmt":"2025-02-22T20:07:27","slug":"su-di-noi","status":"publish","type":"page","link":"https:\/\/www.mundusmaris.org\/it\/su-di-noi\/","title":{"rendered":"Su di noi"},"content":{"rendered":"<p><div class=\"fusion-fullwidth fullwidth-box fusion-builder-row-1 fusion-flex-container nonhundred-percent-fullwidth non-hundred-percent-height-scrolling\" style=\"--awb-border-radius-top-left:0px;--awb-border-radius-top-right:0px;--awb-border-radius-bottom-right:0px;--awb-border-radius-bottom-left:0px;--awb-flex-wrap:wrap;\" ><div class=\"fusion-builder-row fusion-row fusion-flex-align-items-flex-start fusion-flex-content-wrap\" style=\"max-width:1248px;margin-left: calc(-4% \/ 2 );margin-right: calc(-4% \/ 2 );\"><div class=\"fusion-layout-column fusion_builder_column fusion-builder-column-0 fusion_builder_column_1_1 1_1 fusion-flex-column\" style=\"--awb-bg-blend:overlay;--awb-bg-size:cover;--awb-width-large:100%;--awb-margin-top-large:0px;--awb-spacing-right-large:1.92%;--awb-margin-bottom-large:0px;--awb-spacing-left-large:1.92%;--awb-width-medium:100%;--awb-spacing-right-medium:1.92%;--awb-spacing-left-medium:1.92%;--awb-width-small:100%;--awb-spacing-right-small:1.92%;--awb-spacing-left-small:1.92%;\"><div class=\"fusion-column-wrapper fusion-flex-justify-content-flex-start fusion-content-layout-column\"><div class=\"fusion-text fusion-text-1\"><h1>Mundus maris asbl &#8211; Scienze ed Arti per la Sostenibilit\u00e0 &#8211; Iniziativa Internazionale<\/h1>\n<h3>Gli obiettivi dell&#8217;iniziativa<\/h3>\n<p>Rendere accessibili le conoscenze scientifiche certificate (incluse le conoscenze etnico-scientifiche) ai non specialisti in modo da facilitare un coinvolgimento critico e incoraggiare il suo utilizzo attivo per indurre comportamenti in favore della sostenibilit\u00e0;<\/p>\n<p><strong>Vedi le recenti newsletter mensili e i rapporti annuali con i collegamenti alle nostre attivit\u00e0 in basso alla pagina.<\/strong><\/p>\n<h3>Chi siamo?<\/h3>\n<p>Siamo scienziati, artisti, insegnanti scolastici, genitori interessati provenienti da diverse regioni del mondo, unendo le forze per promuovere la transizione verso valori e pratiche di sostenibilit\u00e0, nonch\u00e9 vite umane e dignitose.<\/p>\n<h3>Gli obiettivi della iniziativa<\/h3>\n<ul>\n<li>Rendere accessibili le conoscenze[including &#8216;ethno-scientific&#8217; knowledge] scientifiche certificate (incluse le conoscenze etnico-scientifiche) ai non specialisti in modo da facilitare un coinvolgimento critico e incoraggiare il suo utilizzo attivo per indurre comportamenti in favore della sostenibilit\u00e0;<\/li>\n<li>Incoraggiare l&#8217;espressione artistica in risposta al conoscimento scientifico, rispecchiando modi diversi di sapere e articulando queste conoscenze;<\/li>\n<li>Promuovere l&#8217;interazione sociale e l&#8217;acquisizione di conoscenze, per una migliore comprensione degli ecosistemi marini e costieri da una parte e delle culture marittime dall&#8217;altra;<\/li>\n<li>Sostenere lo sviluppo della cooperazione internazionale tra le scuole e le altre strutture coinvolte nell&#8217;educazione, l&#8217;acquisizione, la valorizzazione e la condivisione delle conoscenze e delle attivit\u00e0 associate.<\/li>\n<li>Incoraggiare lo sviluppo di strumenti pedagogici a favore dell&#8217;insegnamento e degli autodidatti;<\/li>\n<li>Creare archivi per strutturare e condividere, nel dominio pubblico, informazioni, conoscenze ed esperienze sulle iniziatie e attivit\u00e0 riguardanti il mare;<\/li>\n<li>Aumentare la visibilit\u00e0 dei lavori degli studenti, ma anche di altre persone coinvolte nella ricerca marittima, attraverso esposizioni ed altre forme di espressione audiovisuali e scritte;<\/li>\n<li>Incoraggiare e promuovere la valorizzazione del capitale sociale e del patrimonio culturale delle comunit\u00e0 di pescatori, al fine di stabilire e mantenere relazioni durevoli con il mare e le zone costiere, anche attraverso esposizioni e differenti forme di comunicazione;<\/li>\n<\/ul>\n<h3>Proposte operative<\/h3>\n<ul>\n<li>Estrarre gli insegnamenti fondamentali dalle migliori fonti scientifiche accessibili, al fine di metterle a disposizione degli adolescenti e degli studenti in particolare;<\/li>\n<li>Promuovere una forte valorizzazione del sapere locale al fine di pervenire ad una transizione verso la durabilit\u00e0, grazie ad una collaborazione attiva tra ricercatori, artisti, professori, studenti e comunit\u00e0 locali, sia attraverso pubblicazioni che su e ogni altro supporto di pubblicazione;<\/li>\n<li>Incoraggiare le giovani generazioni a fare le loro proprie ricerche sulla crisi della pesca e sull&#8217;ambiente marino oltre che sulle sfide sociali costituite dalla degradazione degli oceani e delle coste;<\/li>\n<li>Incoraggiare e sostenere le scuole amplificando il loro ruolo come importanti piataforme di sensibilizzazione collettiva dei futuri adulti sull&#8217;importanza della salvaguardia della biodiversit\u00e0 e della diversit\u00e0 culturale;<\/li>\n<li>Promuovere una cultura scientifica sugli oceani e i mari, anche attraverso l&#8217;introduzione nei programmi scolastici di corsi che informino del nesso tra la degradazione dell&#8217;ambiente marino e le conseguenze che questo implica a livello sociale per le popolazioni costiere;<\/li>\n<li>Creare legami tra scienziati ed artisti al fine di aggiornare informazioni ed esperienze, per perseguire e condividere le conoscenze e le percezioni del pubblico giovanile;<\/li>\n<li>Coadiuvare lo sviluppo della cooperazione internazionale tra le scuole &#8211; studenti e professori &#8211; cos\u00ec come scienziati ed artisti;<\/li>\n<li>Documentare e diffondere informazioni su questa cooperazione e sui suoi risultati,<\/li>\n<li>Fornire un forum di discussione sugli esseri umani e il mare,<\/li>\n<li>Utilizzare forme artistiche differenti come mezzo di espressione,<\/li>\n<li>Utilizzare le moderne tecnologie di informazione per centralizzare e condividere conoscenze ed esperienze,<\/li>\n<li>Contribuire alla messa in rete delle persone sui di temi riguardanti la salvaguardia degli ocean, delle zone costiere, delle biodiversit\u00e0 e dei loro ecosistemi, ed anche le culture e le societ\u00e0 umane associate;<\/li>\n<li>Contribuire allo sviluppo di programmi scolastici;<\/li>\n<li>Incoraggiare e fare campagne di sensibilizzazione e di attivit\u00e0 in favore alla protezione degli oceani e della sostenibilit\u00e0 delle societ\u00e0.<\/li>\n<li>Mobilitare risorse finanziarie e ogni altro tipo di risorsa necessaria per delle collaborazioni centrate sugli obiettivi dell&#8217;Iniziativa.<\/li>\n<\/ul>\n<p><strong><em>Mundus maris<\/em> \u00e8 una associazione non-profit con membri in diversi paesi, registrata dal 2010 a Bruxelles, Belgio: 0830328314<\/strong><\/p>\n<p><strong>Lo statuto \u00e8 disponibile <a href=\"https:\/\/www.mundusmaris.org\/wp-content\/uploads\/2025\/02\/ASBL_Mundus_marisEN.pdf\" target=\"_blank\" rel=\"noopener\">qui in inglese<\/a>, e <\/strong><a href=\"https:\/\/www.mundusmaris.org\/wp-content\/uploads\/2025\/02\/ASBL_Mundus_marisFR.pdf\" target=\"_blank\" rel=\"noopener\"><strong>qui in francese<\/strong><\/a><\/p>\n<p><strong>Belfius Bank, Rue de Linthout 224, 1040 Bruxelles, Belgio, beneficiario: Mundus maris asbl<\/strong><\/p>\n<table border=\"0\">\n<tbody>\n<tr>\n<td><strong>IBAN:<\/strong><\/td>\n<td><strong>BE54<\/strong><\/td>\n<td><strong>0688<\/strong><\/td>\n<td><strong>9178<\/strong><\/td>\n<td><strong>6297<\/strong><\/td>\n<td><strong>BIC:<\/strong><\/td>\n<td><strong>GKCCBEBB<\/strong><\/td>\n<\/tr>\n<\/tbody>\n<\/table>\n<h3><\/h3>\n<h3><\/h3>\n<h3>Il Consiglio di amministrazione di <em>Mundus maris<\/em>, eletto dall&#8217;Assemblea Generale in marzo 2024<\/h3>\n<\/div><\/div><\/div><\/div><\/div><div class=\"fusion-fullwidth fullwidth-box fusion-builder-row-2 fusion-flex-container has-pattern-background has-mask-background nonhundred-percent-fullwidth non-hundred-percent-height-scrolling\" style=\"--awb-border-radius-top-left:0px;--awb-border-radius-top-right:0px;--awb-border-radius-bottom-right:0px;--awb-border-radius-bottom-left:0px;--awb-flex-wrap:wrap;\" ><div class=\"fusion-builder-row fusion-row fusion-flex-align-items-flex-start fusion-flex-justify-content-center fusion-flex-content-wrap\" style=\"max-width:1248px;margin-left: calc(-4% \/ 2 );margin-right: calc(-4% \/ 2 );\"><div class=\"fusion-layout-column fusion_builder_column fusion-builder-column-1 fusion_builder_column_1_5 1_5 fusion-flex-column\" style=\"--awb-bg-size:cover;--awb-width-large:20%;--awb-margin-top-large:0px;--awb-spacing-right-large:9.6%;--awb-margin-bottom-large:20px;--awb-spacing-left-large:9.6%;--awb-width-medium:20%;--awb-order-medium:0;--awb-spacing-right-medium:9.6%;--awb-spacing-left-medium:9.6%;--awb-width-small:100%;--awb-order-small:0;--awb-spacing-right-small:1.92%;--awb-spacing-left-small:1.92%;\"><div class=\"fusion-column-wrapper fusion-column-has-shadow fusion-flex-justify-content-flex-start fusion-content-layout-column\"><div class=\"fusion-person person fusion-person-center fusion-person-1 fusion-person-icon-top PersonCard\" style=\"--awb-pic-style-color:var(--awb-color3);--awb-pic-borderradius:0px;--awb-margin-top:0px;--awb-margin-right:0px;--awb-margin-bottom:0px;--awb-margin-left:0px;--awb-social-box-border-top:0px;--awb-social-box-border-right:0px;--awb-social-box-border-bottom:0px;--awb-social-box-border-left:0px;--awb-social-box-border-color:var(--awb-color3);--awb-social-box-border-color-hover:var(--awb-custom_color_2);--awb-social-box-colors-hover:var(--awb-color1);--awb-social-icon-boxed-colors:var(--awb-color2);--awb-social-icon-colors:var(--awb-color6);--awb-social-icon-colors-hover:var(--awb-custom_color_2);\"><div class=\"person-shortcode-image-wrapper imageframe-liftup\"><div class=\"person-image-container\" style=\"border:0px solid var(--awb-color3);-webkit-border-radius:0px;-moz-border-radius:0px;border-radius:0px;\"><img decoding=\"async\" class=\"person-img img-responsive wp-image-1424\" width=\"150\" height=\"150\" src=\"https:\/\/www.mundusmaris.org\/wp-content\/uploads\/2024\/01\/20170702Cornelia150.jpg\" alt=\"Dr Cornelia E Nauen\" srcset=\"https:\/\/www.mundusmaris.org\/wp-content\/uploads\/2024\/01\/20170702Cornelia150-66x66.jpg 66w, https:\/\/www.mundusmaris.org\/wp-content\/uploads\/2024\/01\/20170702Cornelia150.jpg 150w\" sizes=\"(max-width: 150px) 100vw, 150px\" \/><\/div><\/div><div class=\"person-desc\" style=\"background-color:var(--awb-color1);padding:40px;margin-top:0;\"><div class=\"person-author\"><div class=\"person-author-wrapper\"><span class=\"person-name\">Dr Cornelia E Nauen<\/span><span class=\"person-title\">Presidente<\/span><\/div><\/div><div class=\"person-content fusion-clearfix\">ecologa marina dall&#8217;Europa<\/div><\/div><\/div><\/div><\/div><div class=\"fusion-layout-column fusion_builder_column fusion-builder-column-2 fusion_builder_column_1_5 1_5 fusion-flex-column\" style=\"--awb-bg-size:cover;--awb-width-large:20%;--awb-margin-top-large:0px;--awb-spacing-right-large:9.6%;--awb-margin-bottom-large:20px;--awb-spacing-left-large:9.6%;--awb-width-medium:20%;--awb-order-medium:0;--awb-spacing-right-medium:9.6%;--awb-spacing-left-medium:9.6%;--awb-width-small:100%;--awb-order-small:0;--awb-spacing-right-small:1.92%;--awb-spacing-left-small:1.92%;\"><div class=\"fusion-column-wrapper fusion-column-has-shadow fusion-flex-justify-content-flex-start fusion-content-layout-column\"><div class=\"fusion-person person fusion-person-center fusion-person-2 fusion-person-icon-top PersonCard\" style=\"--awb-pic-style-color:var(--awb-color3);--awb-pic-borderradius:0px;--awb-margin-top:0px;--awb-margin-right:0px;--awb-margin-bottom:0px;--awb-margin-left:0px;--awb-social-box-border-top:0px;--awb-social-box-border-right:0px;--awb-social-box-border-bottom:0px;--awb-social-box-border-left:0px;--awb-social-box-border-color:var(--awb-color3);--awb-social-box-border-color-hover:var(--awb-custom_color_2);--awb-social-box-colors-hover:var(--awb-color1);--awb-social-icon-boxed-colors:var(--awb-color2);--awb-social-icon-colors:var(--awb-color6);--awb-social-icon-colors-hover:var(--awb-custom_color_2);\"><div class=\"person-shortcode-image-wrapper imageframe-liftup\"><div class=\"person-image-container\" style=\"border:0px solid var(--awb-color3);-webkit-border-radius:0px;-moz-border-radius:0px;border-radius:0px;\"><a href=\"https:\/\/www.mundusmaris.org\/index.php\/en\/review\/picture\/199-pic201607\" target=\"_self\"><img decoding=\"async\" class=\"person-img img-responsive wp-image-1416\" width=\"150\" height=\"150\" src=\"https:\/\/www.mundusmaris.org\/wp-content\/uploads\/2024\/01\/20170702Stella150.jpg\" alt=\"Prof. Stella Williams\" srcset=\"https:\/\/www.mundusmaris.org\/wp-content\/uploads\/2024\/01\/20170702Stella150-66x66.jpg 66w, https:\/\/www.mundusmaris.org\/wp-content\/uploads\/2024\/01\/20170702Stella150.jpg 150w\" sizes=\"(max-width: 150px) 100vw, 150px\" \/><\/a><\/div><\/div><div class=\"person-desc\" style=\"background-color:var(--awb-color1);padding:40px;margin-top:0;\"><div class=\"person-author\"><div class=\"person-author-wrapper\"><span class=\"person-name\">Prof. Stella Williams<\/span><span class=\"person-title\">Vice-Presidente e Secretaria esecutiva<\/span><\/div><\/div><div class=\"person-content fusion-clearfix\">economista agricola dalla Nigeria<\/div><\/div><\/div><\/div><\/div><div class=\"fusion-layout-column fusion_builder_column fusion-builder-column-3 fusion_builder_column_1_5 1_5 fusion-flex-column\" style=\"--awb-bg-size:cover;--awb-width-large:20%;--awb-margin-top-large:0px;--awb-spacing-right-large:9.6%;--awb-margin-bottom-large:20px;--awb-spacing-left-large:9.6%;--awb-width-medium:20%;--awb-order-medium:0;--awb-spacing-right-medium:9.6%;--awb-spacing-left-medium:9.6%;--awb-width-small:100%;--awb-order-small:0;--awb-spacing-right-small:1.92%;--awb-spacing-left-small:1.92%;\"><div class=\"fusion-column-wrapper fusion-column-has-shadow fusion-flex-justify-content-flex-start fusion-content-layout-column\"><div class=\"fusion-person person fusion-person-center fusion-person-3 fusion-person-icon-top PersonCard\" style=\"--awb-pic-style-color:var(--awb-color3);--awb-pic-borderradius:0px;--awb-margin-top:0px;--awb-margin-right:0px;--awb-margin-bottom:0px;--awb-margin-left:0px;--awb-social-box-border-top:0px;--awb-social-box-border-right:0px;--awb-social-box-border-bottom:0px;--awb-social-box-border-left:0px;--awb-social-box-border-color:var(--awb-color3);--awb-social-box-border-color-hover:var(--awb-custom_color_2);--awb-social-box-colors-hover:var(--awb-color1);--awb-social-icon-boxed-colors:var(--awb-color2);--awb-social-icon-colors:var(--awb-color6);--awb-social-icon-colors-hover:var(--awb-custom_color_2);\"><div class=\"person-shortcode-image-wrapper imageframe-liftup\"><div class=\"person-image-container\" style=\"border:0px solid var(--awb-color3);-webkit-border-radius:0px;-moz-border-radius:0px;border-radius:0px;\"><img decoding=\"async\" class=\"person-img img-responsive wp-image-1428\" width=\"150\" height=\"150\" src=\"https:\/\/www.mundusmaris.org\/wp-content\/uploads\/2024\/01\/20170702Aliou150.jpg\" alt=\"Dr. Aliou Sall\" srcset=\"https:\/\/www.mundusmaris.org\/wp-content\/uploads\/2024\/01\/20170702Aliou150-66x66.jpg 66w, https:\/\/www.mundusmaris.org\/wp-content\/uploads\/2024\/01\/20170702Aliou150.jpg 150w\" sizes=\"(max-width: 150px) 100vw, 150px\" \/><\/div><\/div><div class=\"person-desc\" style=\"background-color:var(--awb-color1);padding:40px;margin-top:0;\"><div class=\"person-author\"><div class=\"person-author-wrapper\"><span class=\"person-name\">Dr. Aliou Sall<\/span><span class=\"person-title\">Vice-Presidente<\/span><\/div><\/div><div class=\"person-content fusion-clearfix\">socio-antropologo con specializzazione in pesca dal Senegal<\/div><\/div><\/div><\/div><\/div><div class=\"fusion-layout-column fusion_builder_column fusion-builder-column-4 fusion_builder_column_1_5 1_5 fusion-flex-column\" style=\"--awb-bg-size:cover;--awb-width-large:20%;--awb-margin-top-large:0px;--awb-spacing-right-large:9.6%;--awb-margin-bottom-large:20px;--awb-spacing-left-large:9.6%;--awb-width-medium:20%;--awb-order-medium:0;--awb-spacing-right-medium:9.6%;--awb-spacing-left-medium:9.6%;--awb-width-small:100%;--awb-order-small:0;--awb-spacing-right-small:1.92%;--awb-spacing-left-small:1.92%;\"><div class=\"fusion-column-wrapper fusion-column-has-shadow fusion-flex-justify-content-flex-start fusion-content-layout-column\"><div class=\"fusion-person person fusion-person-center fusion-person-4 fusion-person-icon-top PersonCard\" style=\"--awb-pic-style-color:var(--awb-color3);--awb-pic-borderradius:0px;--awb-margin-top:0px;--awb-margin-right:0px;--awb-margin-bottom:0px;--awb-margin-left:0px;--awb-social-box-border-top:0px;--awb-social-box-border-right:0px;--awb-social-box-border-bottom:0px;--awb-social-box-border-left:0px;--awb-social-box-border-color:var(--awb-color3);--awb-social-box-border-color-hover:var(--awb-custom_color_2);--awb-social-box-colors-hover:var(--awb-color1);--awb-social-icon-boxed-colors:var(--awb-color2);--awb-social-icon-colors:var(--awb-color6);--awb-social-icon-colors-hover:var(--awb-custom_color_2);\"><div class=\"person-shortcode-image-wrapper imageframe-liftup\"><div class=\"person-image-container\" style=\"border:0px solid var(--awb-color3);-webkit-border-radius:0px;-moz-border-radius:0px;border-radius:0px;\"><img decoding=\"async\" class=\"person-img img-responsive wp-image-1420\" width=\"150\" height=\"150\" src=\"https:\/\/www.mundusmaris.org\/wp-content\/uploads\/2024\/01\/20170702Patricia150.jpg\" alt=\"Dr. Maria del Carmen Patricia Morales\" srcset=\"https:\/\/www.mundusmaris.org\/wp-content\/uploads\/2024\/01\/20170702Patricia150-66x66.jpg 66w, https:\/\/www.mundusmaris.org\/wp-content\/uploads\/2024\/01\/20170702Patricia150.jpg 150w\" sizes=\"(max-width: 150px) 100vw, 150px\" \/><\/div><\/div><div class=\"person-desc\" style=\"background-color:var(--awb-color1);padding:40px;margin-top:0;\"><div class=\"person-author\"><div class=\"person-author-wrapper\"><span class=\"person-name\">Dr. Maria del Carmen Patricia Morales<\/span><span class=\"person-title\">Vice-Presidente<\/span><\/div><\/div><div class=\"person-content fusion-clearfix\">dipl. in filosofia e etica dall&#8217;Argentina<\/div><\/div><\/div><\/div><\/div><div class=\"fusion-layout-column fusion_builder_column fusion-builder-column-5 fusion_builder_column_1_5 1_5 fusion-flex-column\" style=\"--awb-bg-size:cover;--awb-width-large:20%;--awb-margin-top-large:0px;--awb-spacing-right-large:9.6%;--awb-margin-bottom-large:20px;--awb-spacing-left-large:9.6%;--awb-width-medium:20%;--awb-order-medium:0;--awb-spacing-right-medium:9.6%;--awb-spacing-left-medium:9.6%;--awb-width-small:100%;--awb-order-small:0;--awb-spacing-right-small:1.92%;--awb-spacing-left-small:1.92%;\"><div class=\"fusion-column-wrapper fusion-column-has-shadow fusion-flex-justify-content-flex-start fusion-content-layout-column\"><div class=\"fusion-person person fusion-person-center fusion-person-5 fusion-person-icon-top PersonCard\" style=\"--awb-pic-style-color:var(--awb-color3);--awb-pic-borderradius:0px;--awb-margin-top:0px;--awb-margin-right:0px;--awb-margin-bottom:0px;--awb-margin-left:0px;--awb-social-box-border-top:0px;--awb-social-box-border-right:0px;--awb-social-box-border-bottom:0px;--awb-social-box-border-left:0px;--awb-social-box-border-color:var(--awb-color3);--awb-social-box-border-color-hover:var(--awb-custom_color_2);--awb-social-box-colors-hover:var(--awb-color1);--awb-social-icon-boxed-colors:var(--awb-color2);--awb-social-icon-colors:var(--awb-color6);--awb-social-icon-colors-hover:var(--awb-custom_color_2);\"><div class=\"person-shortcode-image-wrapper imageframe-liftup\"><div class=\"person-image-container\" style=\"border:0px solid var(--awb-color3);-webkit-border-radius:0px;-moz-border-radius:0px;border-radius:0px;\"><img decoding=\"async\" class=\"person-img img-responsive wp-image-1412\" width=\"150\" height=\"148\" src=\"https:\/\/www.mundusmaris.org\/wp-content\/uploads\/2024\/01\/Marcelo-fondoMM_150.jpg\" alt=\"Dr. Marcelo Lino Morales Yokobori\" srcset=\"https:\/\/www.mundusmaris.org\/wp-content\/uploads\/2024\/01\/Marcelo-fondoMM_150-66x66.jpg 66w, https:\/\/www.mundusmaris.org\/wp-content\/uploads\/2024\/01\/Marcelo-fondoMM_150.jpg 150w\" sizes=\"(max-width: 150px) 100vw, 150px\" \/><\/div><\/div><div class=\"person-desc\" style=\"background-color:var(--awb-color1);padding:40px;margin-top:0;\"><div class=\"person-author\"><div class=\"person-author-wrapper\"><span class=\"person-name\">Dr. Marcelo Lino Morales Yokobori<\/span><span class=\"person-title\">Vice-Presidente<\/span><\/div><\/div><div class=\"person-content fusion-clearfix\">biologo e profesor universitario dall&#8217;Argentina<\/div><\/div><\/div><\/div><\/div><\/div><\/div><\/p>\n","protected":false},"excerpt":{"rendered":"","protected":false},"author":1,"featured_media":0,"parent":0,"menu_order":0,"comment_status":"closed","ping_status":"closed","template":"","meta":{"_acf_changed":false,"footnotes":""},"categoria-pagina":[],"class_list":["post-2033","page","type-page","status-publish","hentry"],"acf":[],"_links":{"self":[{"href":"https:\/\/www.mundusmaris.org\/it\/wp-json\/wp\/v2\/pages\/2033","targetHints":{"allow":["GET"]}}],"collection":[{"href":"https:\/\/www.mundusmaris.org\/it\/wp-json\/wp\/v2\/pages"}],"about":[{"href":"https:\/\/www.mundusmaris.org\/it\/wp-json\/wp\/v2\/types\/page"}],"author":[{"embeddable":true,"href":"https:\/\/www.mundusmaris.org\/it\/wp-json\/wp\/v2\/users\/1"}],"replies":[{"embeddable":true,"href":"https:\/\/www.mundusmaris.org\/it\/wp-json\/wp\/v2\/comments?post=2033"}],"version-history":[{"count":9,"href":"https:\/\/www.mundusmaris.org\/it\/wp-json\/wp\/v2\/pages\/2033\/revisions"}],"predecessor-version":[{"id":16151,"href":"https:\/\/www.mundusmaris.org\/it\/wp-json\/wp\/v2\/pages\/2033\/revisions\/16151"}],"wp:attachment":[{"href":"https:\/\/www.mundusmaris.org\/it\/wp-json\/wp\/v2\/media?parent=2033"}],"wp:term":[{"taxonomy":"categoria-pagina","embeddable":true,"href":"https:\/\/www.mundusmaris.org\/it\/wp-json\/wp\/v2\/categoria-pagina?post=2033"}],"curies":[{"name":"wp","href":"https:\/\/api.w.org\/{rel}","templated":true}]}}