{"id":7771,"date":"2023-12-27T07:46:34","date_gmt":"2023-12-27T07:46:34","guid":{"rendered":"http:\/\/www.mundusmaris.org\/ressources\/book-of-the-marine-world\/"},"modified":"2024-10-11T08:09:15","modified_gmt":"2024-10-11T08:09:15","slug":"book-of-the-marine-world","status":"publish","type":"page","link":"https:\/\/www.mundusmaris.org\/fr\/book-of-the-marine-world\/","title":{"rendered":"Livre du Monde Marin"},"content":{"rendered":"<div class=\"fusion-fullwidth fullwidth-box fusion-builder-row-1 fusion-flex-container has-pattern-background has-mask-background nonhundred-percent-fullwidth non-hundred-percent-height-scrolling\" style=\"--awb-border-radius-top-left:0px;--awb-border-radius-top-right:0px;--awb-border-radius-bottom-right:0px;--awb-border-radius-bottom-left:0px;--awb-flex-wrap:wrap;\" ><div class=\"fusion-builder-row fusion-row fusion-flex-align-items-flex-start fusion-flex-content-wrap\" style=\"max-width:1248px;margin-left: calc(-4% \/ 2 );margin-right: calc(-4% \/ 2 );\"><div class=\"fusion-layout-column fusion_builder_column fusion-builder-column-0 fusion_builder_column_1_1 1_1 fusion-flex-column\" style=\"--awb-bg-size:cover;--awb-width-large:100%;--awb-margin-top-large:0px;--awb-spacing-right-large:1.92%;--awb-margin-bottom-large:20px;--awb-spacing-left-large:1.92%;--awb-width-medium:100%;--awb-order-medium:0;--awb-spacing-right-medium:1.92%;--awb-spacing-left-medium:1.92%;--awb-width-small:100%;--awb-order-small:0;--awb-spacing-right-small:1.92%;--awb-spacing-left-small:1.92%;\"><div class=\"fusion-column-wrapper fusion-column-has-shadow fusion-flex-justify-content-flex-start fusion-content-layout-column\"><div class=\"fusion-text fusion-text-1\"><h4><em><q>Mettons l\u2019oc\u00e9an d\u2019abord<\/q><\/em><\/h4>\n<p>Le Secr\u00e9taire g\u00e9n\u00e9ral de l\u2019ONU a d\u00e9clar\u00e9 dans un message \u00e0 l\u2019occasion de la Journ\u00e9e mondiale de l\u2019oc\u00e9an, le 8 juin 2023, exhortant tout le monde \u00e0 continuer \u00e0 faire pression en faveur du r\u00e9tablissement, de la conservation et de l\u2019utilisation durable des ressources. \u00ab L\u2019humanit\u00e9 compte sur l\u2019oc\u00e9an. Mais l\u2019oc\u00e9an peut-il compter sur nous ?  <\/p>\n<p>C\u2019est dans cet esprit que <em>Mundus maris<\/em> a mobilis\u00e9 de nombreuses personnes, en particulier des jeunes, depuis 2013 pour c\u00e9l\u00e9brer la Journ\u00e9e mondiale de l\u2019oc\u00e9an. Ann\u00e9e apr\u00e8s ann\u00e9e, nous avons organis\u00e9 des journ\u00e9es de nettoyage, particip\u00e9 \u00e0 des activit\u00e9s sportives en plein air, \u00e0 des repr\u00e9sentations th\u00e9\u00e2trales et musicales et bien plus encore dans des pays sur trois continents. <\/p>\n<p>Pendant plusieurs ann\u00e9es, nous avons \u00e9galement invit\u00e9 \u00e0 participer \u00e0 des concours de prix <em>Mundus maris<\/em> inspir\u00e9s de la devise de l\u2019ONU pour chaque ann\u00e9e entre 2014 et 2020. De merveilleux membres du jury international ont choisi les gagnants. Certains participants ont agi de leur propre chef, d\u2019autres ont \u00e9t\u00e9 encadr\u00e9s par des enseignants fortement d\u00e9vou\u00e9s \u00e0 la connaissance de l\u2019oc\u00e9an et \u00e0 l\u2019avancement personnel de leurs \u00e9l\u00e8ves. Dans la mesure o\u00f9 nous avons appris \u00e0 les conna\u00eetre, ils sont tous mentionn\u00e9s avec beaucoup de gratitude et de respect dans l\u2019\u00e9dition de The Book of the Marine World &#8211; <em>Mundus maris<\/em> Awards 2014 \u00e0 2020, maintenant disponible en ligne et en version imprim\u00e9e.    <\/p>\n<p>Ce livre est d\u00e9di\u00e9 au Dr Mechthild (Mecki) Kronen, ancien membre du conseil d\u2019administration de <em>Mundus maris<\/em>, qui est d\u00e9c\u00e9d\u00e9 tragiquement des suites d\u2019une grave maladie. Jusqu\u2019\u00e0 la fin, elle n\u2019a cess\u00e9 de professer combien elle aimait la vie, l\u2019oc\u00e9an, les montagnes, la nature, toutes les nombreuses personnes qu\u2019elle avait touch\u00e9es par sa pr\u00e9sence qui vivait et voyageait dans diff\u00e9rentes parties du globe. Elle avait s\u00e9lectionn\u00e9 la plupart des soumissions tr\u00e8s diverses que nous avons re\u00e7ues, maintenant rassembl\u00e9es dans ce livre.  <\/p>\n<\/div><div class=\"fusion-image-element awb-imageframe-style awb-imageframe-style-below awb-imageframe-style-1\" style=\"text-align:center;--awb-margin-bottom:40px;--awb-caption-title-font-family:var(--h2_typography-font-family);--awb-caption-title-font-weight:var(--h2_typography-font-weight);--awb-caption-title-font-style:var(--h2_typography-font-style);--awb-caption-title-size:var(--h2_typography-font-size);--awb-caption-title-transform:var(--h2_typography-text-transform);--awb-caption-title-line-height:var(--h2_typography-line-height);--awb-caption-title-letter-spacing:var(--h2_typography-letter-spacing);\"><span class=\" fusion-imageframe imageframe-none imageframe-1 hover-type-none\"><img decoding=\"async\" width=\"1753\" height=\"1247\" src=\"http:\/\/www.mundusmaris.org\/wp-content\/uploads\/2023\/12\/Book_MarineWorld_A4_Cover.jpg\" alt class=\"img-responsive wp-image-982\" srcset=\"https:\/\/www.mundusmaris.org\/wp-content\/uploads\/2023\/12\/Book_MarineWorld_A4_Cover-200x142.jpg 200w, https:\/\/www.mundusmaris.org\/wp-content\/uploads\/2023\/12\/Book_MarineWorld_A4_Cover-400x285.jpg 400w, https:\/\/www.mundusmaris.org\/wp-content\/uploads\/2023\/12\/Book_MarineWorld_A4_Cover-600x427.jpg 600w, https:\/\/www.mundusmaris.org\/wp-content\/uploads\/2023\/12\/Book_MarineWorld_A4_Cover-800x569.jpg 800w, https:\/\/www.mundusmaris.org\/wp-content\/uploads\/2023\/12\/Book_MarineWorld_A4_Cover-1200x854.jpg 1200w, https:\/\/www.mundusmaris.org\/wp-content\/uploads\/2023\/12\/Book_MarineWorld_A4_Cover.jpg 1753w\" sizes=\"(max-width: 640px) 100vw, 1200px\" \/><\/span><div class=\"awb-imageframe-caption-container\"><div class=\"awb-imageframe-caption\"><\/div><\/div><\/div><div class=\"fusion-text fusion-text-2\"><p>Nous sommes heureux d\u2019avoir b\u00e9n\u00e9fici\u00e9 d\u2019une telle collaboration et de contributions int\u00e9ressantes. Nous sommes particuli\u00e8rement reconnaissants que le slogan de l\u2019ONU de 2018 pour la Journ\u00e9e mondiale de l\u2019oc\u00e9an \u00ab Un oc\u00e9an sans plastique \u00bb soit maintenant au centre des n\u00e9gociations internationales en vue d\u2019un trait\u00e9 contraignant visant \u00e0 enrayer la situation, qui doit \u00eatre finalis\u00e9 au plus tard \u00e0 la fin de 2024. Que le livre contribue \u00e0 la d\u00e9termination de plus en plus de citoyens de tous bords \u00e0 mettre l\u2019oc\u00e9an au premier plan, la source de la vie. Si vous souhaitez une copie imprim\u00e9e, veuillez nous contacter au <a href=\"mailto:info@mundusmaris.org\">info@mundusmaris.org.<\/a><\/p>\n<\/div><div style=\"text-align:center;\"><a class=\"fusion-button button-flat fusion-button-default-size button-default fusion-button-default button-1 fusion-button-default-span fusion-button-default-type\" style=\"--button_margin-top:30px;\" target=\"_blank\" rel=\"noopener noreferrer\" title=\"T\u00e9l\u00e9charger le Livre du Monde Marie\" aria-label=\"T\u00e9l\u00e9charger le Livre du Monde Marie\" href=\"http:\/\/www.mundusmaris.org\/wp-content\/uploads\/2023\/12\/Book_MarineWorld_small.pdf\"><span class=\"fusion-button-text awb-button__text awb-button__text--default\">T\u00e9l\u00e9chargez la version \u00e9lectronique ici<\/span><\/a><\/div><\/div><\/div><\/div><\/div>\n","protected":false},"excerpt":{"rendered":"","protected":false},"author":1,"featured_media":0,"parent":0,"menu_order":40,"comment_status":"closed","ping_status":"closed","template":"100-width.php","meta":{"_acf_changed":false,"footnotes":""},"categoria-pagina":[],"class_list":["post-7771","page","type-page","status-publish","hentry"],"acf":[],"_links":{"self":[{"href":"https:\/\/www.mundusmaris.org\/fr\/wp-json\/wp\/v2\/pages\/7771","targetHints":{"allow":["GET"]}}],"collection":[{"href":"https:\/\/www.mundusmaris.org\/fr\/wp-json\/wp\/v2\/pages"}],"about":[{"href":"https:\/\/www.mundusmaris.org\/fr\/wp-json\/wp\/v2\/types\/page"}],"author":[{"embeddable":true,"href":"https:\/\/www.mundusmaris.org\/fr\/wp-json\/wp\/v2\/users\/1"}],"replies":[{"embeddable":true,"href":"https:\/\/www.mundusmaris.org\/fr\/wp-json\/wp\/v2\/comments?post=7771"}],"version-history":[{"count":21,"href":"https:\/\/www.mundusmaris.org\/fr\/wp-json\/wp\/v2\/pages\/7771\/revisions"}],"predecessor-version":[{"id":10840,"href":"https:\/\/www.mundusmaris.org\/fr\/wp-json\/wp\/v2\/pages\/7771\/revisions\/10840"}],"wp:attachment":[{"href":"https:\/\/www.mundusmaris.org\/fr\/wp-json\/wp\/v2\/media?parent=7771"}],"wp:term":[{"taxonomy":"categoria-pagina","embeddable":true,"href":"https:\/\/www.mundusmaris.org\/fr\/wp-json\/wp\/v2\/categoria-pagina?post=7771"}],"curies":[{"name":"wp","href":"https:\/\/api.w.org\/{rel}","templated":true}]}}