{"id":7584,"date":"2024-03-25T10:36:18","date_gmt":"2024-03-25T10:36:18","guid":{"rendered":"http:\/\/www.mundusmaris.org\/devenez-benevole\/"},"modified":"2024-07-24T08:09:09","modified_gmt":"2024-07-24T08:09:09","slug":"devenez-benevole","status":"publish","type":"page","link":"https:\/\/www.mundusmaris.org\/fr\/devenez-benevole\/","title":{"rendered":"Devenez b\u00e9n\u00e9vole"},"content":{"rendered":"<div class=\"fusion-fullwidth fullwidth-box fusion-builder-row-1 fusion-flex-container has-pattern-background has-mask-background nonhundred-percent-fullwidth non-hundred-percent-height-scrolling\" style=\"--awb-border-radius-top-left:0px;--awb-border-radius-top-right:0px;--awb-border-radius-bottom-right:0px;--awb-border-radius-bottom-left:0px;--awb-flex-wrap:wrap;\" ><div class=\"fusion-builder-row fusion-row fusion-flex-align-items-flex-start fusion-flex-content-wrap\" style=\"max-width:1248px;margin-left: calc(-4% \/ 2 );margin-right: calc(-4% \/ 2 );\"><div class=\"fusion-layout-column fusion_builder_column fusion-builder-column-0 fusion_builder_column_1_1 1_1 fusion-flex-column\" style=\"--awb-bg-size:cover;--awb-width-large:100%;--awb-margin-top-large:0px;--awb-spacing-right-large:1.92%;--awb-margin-bottom-large:20px;--awb-spacing-left-large:1.92%;--awb-width-medium:100%;--awb-order-medium:0;--awb-spacing-right-medium:1.92%;--awb-spacing-left-medium:1.92%;--awb-width-small:100%;--awb-order-small:0;--awb-spacing-right-small:1.92%;--awb-spacing-left-small:1.92%;\"><div class=\"fusion-column-wrapper fusion-column-has-shadow fusion-flex-justify-content-flex-start fusion-content-layout-column\"><div class=\"fusion-text fusion-text-1\"><p class=\"western\">Vous pouvez d\u00e9montrer votre appr\u00e9ciation du travail de\u00a0<em>Mundus maris<\/em>\u00a0en faisant don de votre temps et de votre enthousiasme! L&rsquo;association et ses travaux sont tenus par des b\u00e9n\u00e9voles. Ainsi, toute aide que vous pouvez offrir sera grandement appr\u00e9ci\u00e9e. Vous pouvez offrir votre temps de diff\u00e9rentes fa\u00e7ons:<\/p>\n<ul>\n<li><strong>Traducteurs<\/strong>. Votre langue maternelle est le fran\u00e7ais? L\u2019espagnol? L\u2019italien? L\u2019allemand? L\u2019anglais? Nous avons besoin de traducteurs pour les articles sur les pages du site web. Les traducteurs en herbe sont \u00e9galement les bienvenus. Choisissez une page qui vous int\u00e9resse et\u00a0<span id=\"cloak37a9e959b28b91d10067c4098e3c89d9\"><a href=\"mailto:info@mundusmaris.org\">entrez en contact avec nous<\/a><\/span>.<\/li>\n<li><strong>R\u00e9viseurs de texte<\/strong>. Vous avez envie de faire partie de l&rsquo;\u00e9quipe \u00e9ditoriale pour site web et la newsletter? Nous recevons des articles de personnes de diff\u00e9rentes parties du monde; beaucoup n\u2019ont pas l&rsquo;anglais comme langue principale. Nous ne voulons pas que ce soit un facteur limitant, tant que les gens ont des choses int\u00e9ressantes \u00e0 dire, nous voulons qu&rsquo;ils les expriment. Nous faisons le polissage de sorte que le contenu important soit clair et facile \u00e0 lire. Cela vous dit?\u00a0<span id=\"cloake3b35599a6e9eeba1ee64a9f6e6d948a\"><a href=\"mailto:info@mundusmaris.org\">Contactez-nous<\/a><\/span>\u00a0pour joindre l&rsquo;\u00e9quipe \u00e9ditoriale.<\/li>\n<li><strong>D\u00e9veloppeurs de site Web<\/strong>. Nous mettons constamment \u00e0 jour le site\u00a0<em>Mundus maris<\/em>\u00a0et notre cha\u00eene YouTube. Si vous avez une comp\u00e9tence en d\u00e9veloppement Web et notamment Joomla!, nous serions\u00a0<span id=\"cloak204fad37dca1ce57990b763774d5b27c\"><a href=\"mailto:info@mundusmaris.org\">ravis de vous entendre<\/a><\/span>.<\/li>\n<li><strong>Agents d\u2019actualit\u00e9s et de presse<\/strong>.\u00a0<i>Mundus maris<\/i>\u00a0tient les membres et autres personnes int\u00e9ress\u00e9es par les oc\u00e9ans, au courant des derniers \u00e9v\u00e9nements, activit\u00e9s et expositions. Tout le monde peut en faire partie en soumettant son propre article. Avez-vous envie de vous y engager,\u00a0<span id=\"cloak1191f28044de6795adc4d3a27f90a870\"><a href=\"mailto:info@mundusmaris.org\">\u00e9crivez-nous<\/a><\/span>.<\/li>\n<li><strong>Coordonnateur des m\u00e9dias sociaux<\/strong>. \u00cates-vous coll\u00e9 \u00e0 Facebook, Twitter et LinkedIn? Nous recherchons des personnes enthousiastes qui aimeraient faire du b\u00e9n\u00e9volat quelques heures par semaine pour aider \u00e0 promouvoir\u00a0<i>Mundus maris<\/i>\u00a0et diffuser les nouveaut\u00e9s de notre r\u00e9seau sur les m\u00e9dias sociaux:\u00a0<span id=\"cloak9485392110933dc99038f28d94644fc7\"><a href=\"mailto:info@mundusmaris.org\">Contactez-nous alors<\/a><\/span>.<\/li>\n<li><strong>Producteur de vid\u00e9o<\/strong>: \u00cates-vous un passionn\u00e9 de vid\u00e9o avec des notions sur la post-production? Nous recherchons des collaborateurs pour produire davantage de courts m\u00e9trages sur la protection des oc\u00e9ans et d&rsquo;autres aspects de notre travail.\u00a0<span id=\"cloak8314795bed06ea3e98215ca08f1affd0\"><a href=\"mailto:info@mundusmaris.org\">Contactez-nous en cliquant ici<\/a><\/span>.<\/li>\n<\/ul>\n<p>Pour discuter sur une de ces options ou trouver d&rsquo;autres mani\u00e8res de faire du b\u00e9n\u00e9volat avec\u00a0<i>Mundus maris<\/i>,\u00a0<span id=\"cloakcc075d27855135f5a4869fff489900d3\"><a href=\"mailto:info@mundusmaris.org\">faites-nous signe<\/a><\/span>!<\/p>\n<\/div><\/div><\/div><\/div><\/div>\n","protected":false},"excerpt":{"rendered":"","protected":false},"author":2,"featured_media":0,"parent":0,"menu_order":0,"comment_status":"closed","ping_status":"closed","template":"","meta":{"_acf_changed":false,"footnotes":""},"categoria-pagina":[],"class_list":["post-7584","page","type-page","status-publish","hentry"],"acf":[],"_links":{"self":[{"href":"https:\/\/www.mundusmaris.org\/fr\/wp-json\/wp\/v2\/pages\/7584","targetHints":{"allow":["GET"]}}],"collection":[{"href":"https:\/\/www.mundusmaris.org\/fr\/wp-json\/wp\/v2\/pages"}],"about":[{"href":"https:\/\/www.mundusmaris.org\/fr\/wp-json\/wp\/v2\/types\/page"}],"author":[{"embeddable":true,"href":"https:\/\/www.mundusmaris.org\/fr\/wp-json\/wp\/v2\/users\/2"}],"replies":[{"embeddable":true,"href":"https:\/\/www.mundusmaris.org\/fr\/wp-json\/wp\/v2\/comments?post=7584"}],"version-history":[{"count":2,"href":"https:\/\/www.mundusmaris.org\/fr\/wp-json\/wp\/v2\/pages\/7584\/revisions"}],"predecessor-version":[{"id":7586,"href":"https:\/\/www.mundusmaris.org\/fr\/wp-json\/wp\/v2\/pages\/7584\/revisions\/7586"}],"wp:attachment":[{"href":"https:\/\/www.mundusmaris.org\/fr\/wp-json\/wp\/v2\/media?parent=7584"}],"wp:term":[{"taxonomy":"categoria-pagina","embeddable":true,"href":"https:\/\/www.mundusmaris.org\/fr\/wp-json\/wp\/v2\/categoria-pagina?post=7584"}],"curies":[{"name":"wp","href":"https:\/\/api.w.org\/{rel}","templated":true}]}}