{"id":7574,"date":"2024-01-08T09:07:23","date_gmt":"2024-01-08T09:07:23","guid":{"rendered":"http:\/\/www.mundusmaris.org\/faire-un-don\/"},"modified":"2025-05-27T12:25:37","modified_gmt":"2025-05-27T12:25:37","slug":"faire-un-don","status":"publish","type":"page","link":"https:\/\/www.mundusmaris.org\/fr\/faire-un-don\/","title":{"rendered":"Faire un don"},"content":{"rendered":"<div class=\"fusion-fullwidth fullwidth-box fusion-builder-row-1 fusion-flex-container has-pattern-background has-mask-background nonhundred-percent-fullwidth non-hundred-percent-height-scrolling\" style=\"--awb-border-radius-top-left:0px;--awb-border-radius-top-right:0px;--awb-border-radius-bottom-right:0px;--awb-border-radius-bottom-left:0px;--awb-flex-wrap:wrap;\" ><div class=\"fusion-builder-row fusion-row fusion-flex-align-items-flex-start fusion-flex-content-wrap\" style=\"max-width:1248px;margin-left: calc(-4% \/ 2 );margin-right: calc(-4% \/ 2 );\"><div class=\"fusion-layout-column fusion_builder_column fusion-builder-column-0 fusion_builder_column_1_1 1_1 fusion-flex-column\" style=\"--awb-bg-size:cover;--awb-width-large:100%;--awb-margin-top-large:0px;--awb-spacing-right-large:1.92%;--awb-margin-bottom-large:20px;--awb-spacing-left-large:1.92%;--awb-width-medium:100%;--awb-order-medium:0;--awb-spacing-right-medium:1.92%;--awb-spacing-left-medium:1.92%;--awb-width-small:100%;--awb-order-small:0;--awb-spacing-right-small:1.92%;--awb-spacing-left-small:1.92%;\"><div class=\"fusion-column-wrapper fusion-column-has-shadow fusion-flex-justify-content-flex-start fusion-content-layout-column\"><div class=\"fusion-text fusion-text-1\"><p>Si vous souhaitez voir des \u00e9cosyst\u00e8mes marins riches et sains, des communaut\u00e9s c\u00f4ti\u00e8res prosp\u00e8res, de l\u2019information et de l\u2019action pr\u00e9ventive contre la pollution marine due au plastique ou les effets des changements climatiques, soutenez nos activit\u00e9s!<\/p>\n<p><strong>Comme toute association sans but lucratif, nous comptons enti\u00e8rement sur l&rsquo;argent qui nous est donn\u00e9, ainsi chaque contribution est grandement appr\u00e9ci\u00e9e!<\/strong><\/p>\n<p>Un virement mensuel r\u00e9gulier \u00e0 <em>Mundus maris<\/em> serait d&rsquo;une grande aide pour assurer la pr\u00e9visibilit\u00e9 de notre base financi\u00e8re et am\u00e9liorer notre capacit\u00e9 \u00e0 r\u00e9pondre aux besoins et exigences croissants de la protection de l&rsquo;oc\u00e9an.<\/p>\n<p>Une contribution financi\u00e8re ponctuelle serait \u00e9galement la bienvenue.<\/p>\n<p>Vous pouvez effectuer le virement sur le compte de <em>Mundus maris<\/em> suivant:<\/p>\n<p><strong>IBAN: BE54 0688 9178 6297 BIC\/SWIFT: GKCCBEBB<\/strong><\/p>\n<p>Belfius Banque, Avenue de Tervueren \/ Tervuerenlaan 255 \u2013 1150 Woluwe-Saint-Pierre \/ Sint-Pieters-Woluwe, Belgique<\/p>\n<p>Soyez rassur\u00e9s: peu importe le montant, votre contribution fera une diff\u00e9rence.<\/p>\n<\/div><\/div><\/div><\/div><\/div>\n","protected":false},"excerpt":{"rendered":"","protected":false},"author":2,"featured_media":0,"parent":0,"menu_order":0,"comment_status":"closed","ping_status":"closed","template":"","meta":{"_acf_changed":false,"footnotes":""},"categoria-pagina":[],"class_list":["post-7574","page","type-page","status-publish","hentry"],"acf":[],"_links":{"self":[{"href":"https:\/\/www.mundusmaris.org\/fr\/wp-json\/wp\/v2\/pages\/7574","targetHints":{"allow":["GET"]}}],"collection":[{"href":"https:\/\/www.mundusmaris.org\/fr\/wp-json\/wp\/v2\/pages"}],"about":[{"href":"https:\/\/www.mundusmaris.org\/fr\/wp-json\/wp\/v2\/types\/page"}],"author":[{"embeddable":true,"href":"https:\/\/www.mundusmaris.org\/fr\/wp-json\/wp\/v2\/users\/2"}],"replies":[{"embeddable":true,"href":"https:\/\/www.mundusmaris.org\/fr\/wp-json\/wp\/v2\/comments?post=7574"}],"version-history":[{"count":3,"href":"https:\/\/www.mundusmaris.org\/fr\/wp-json\/wp\/v2\/pages\/7574\/revisions"}],"predecessor-version":[{"id":16961,"href":"https:\/\/www.mundusmaris.org\/fr\/wp-json\/wp\/v2\/pages\/7574\/revisions\/16961"}],"wp:attachment":[{"href":"https:\/\/www.mundusmaris.org\/fr\/wp-json\/wp\/v2\/media?parent=7574"}],"wp:term":[{"taxonomy":"categoria-pagina","embeddable":true,"href":"https:\/\/www.mundusmaris.org\/fr\/wp-json\/wp\/v2\/categoria-pagina?post=7574"}],"curies":[{"name":"wp","href":"https:\/\/api.w.org\/{rel}","templated":true}]}}