{"id":2036,"date":"2023-12-15T11:25:52","date_gmt":"2023-12-15T11:25:52","guid":{"rendered":"http:\/\/www.mundusmaris.org\/autopresentation\/"},"modified":"2025-02-22T19:57:08","modified_gmt":"2025-02-22T19:57:08","slug":"autopresentation","status":"publish","type":"page","link":"https:\/\/www.mundusmaris.org\/fr\/autopresentation\/","title":{"rendered":"Autopr\u00e9sentation"},"content":{"rendered":"<p><div class=\"fusion-fullwidth fullwidth-box fusion-builder-row-1 fusion-flex-container nonhundred-percent-fullwidth non-hundred-percent-height-scrolling\" style=\"--awb-border-radius-top-left:0px;--awb-border-radius-top-right:0px;--awb-border-radius-bottom-right:0px;--awb-border-radius-bottom-left:0px;--awb-flex-wrap:wrap;\" ><div class=\"fusion-builder-row fusion-row fusion-flex-align-items-flex-start fusion-flex-content-wrap\" style=\"max-width:1248px;margin-left: calc(-4% \/ 2 );margin-right: calc(-4% \/ 2 );\"><div class=\"fusion-layout-column fusion_builder_column fusion-builder-column-0 fusion_builder_column_1_1 1_1 fusion-flex-column\" style=\"--awb-bg-blend:overlay;--awb-bg-size:cover;--awb-width-large:100%;--awb-margin-top-large:0px;--awb-spacing-right-large:1.92%;--awb-margin-bottom-large:0px;--awb-spacing-left-large:1.92%;--awb-width-medium:100%;--awb-spacing-right-medium:1.92%;--awb-spacing-left-medium:1.92%;--awb-width-small:100%;--awb-spacing-right-small:1.92%;--awb-spacing-left-small:1.92%;\"><div class=\"fusion-column-wrapper fusion-flex-justify-content-flex-start fusion-content-layout-column\"><div class=\"fusion-text fusion-text-1\"><h1>Mundus maris asbl &#8211; Sciences et Arts pour la Durabilit\u00e9 &#8211; Initiative internationale<\/h1>\n<h3>Ce qui nous motive:<\/h3>\n<p>Fournir et rendre accessible le savoir scientifique et le savoir local pertinent, tout en encourageant l\u2019expression artistique en relation avec la mer, dans le but de promouvoir son r\u00e9tablissement, sa conservation et son utilisation, de fa\u00e7on respectueuse et durable, de d\u00e9velopper la compr\u00e9hension et le respect des \u00e9cosyst\u00e8mes aquatiques et la diversit\u00e9 biologique et culturelle qui lui est associ\u00e9e.<\/p>\n<p><strong>Vous trouverez les derniers bulletins mensuels ainsi que des rapports annuels avec des liens vers nos activit\u00e9s en bas de la page.<\/strong><\/p>\n<h3>Qui sommes nous?<\/h3>\n<p>Nous sommes des scientifiques, des artistes, des enseignants, des parents concern\u00e9s, originaires de diff\u00e9rentes r\u00e9gions du monde, tous r\u00e9unis pour promouvoir la transition vers des valeurs et des pratiques durables et une vie digne et humaine.<\/p>\n<h3>Les objectifs de notre Initiative sont de<\/h3>\n<ul>\n<li>Rendre accessible, \u00e0 des non-sp\u00e9cialistes, un savoir scientifiquement valid\u00e9, dans le but d&rsquo;encourager l&rsquo;engagement critique et des actions [including &lsquo;ethno-scientific&rsquo; knowledge]qui m\u00e8nent \u00e0 des attitudes et des comportements plus responsables dans le sens de la durabilit\u00e9.<\/li>\n<li>Encourager l&rsquo;expression artistique en relation directe avec le savoir scientifique, utilisant ainsi un mode d&rsquo;expression \u00ab sensible \u00bb, qui refle\u00e8te au mieux et rend accessible au plus grand nombre les observations et les conclusions des scientifiques.<\/li>\n<li>Promouvoir un travail en r\u00e9seau social, ainsi que l&rsquo;appropriation des connaissances, pour une meilleure compr\u00e9hension des \u00e9cosyst\u00e8mes marins et c\u00f4tiers, d&rsquo;une part, et des cultures maritimes, de l&rsquo;autre.<\/li>\n<li>Soutenir le d\u00e9veloppement d&rsquo;une coop\u00e9ration internationale nouvelle entre des \u00e9coles et d&rsquo;autres structures impliqu\u00e9es dans l&rsquo;\u00e9ducation, l&rsquo;acquisition, la valorisation et le partage de connaissances et des activit\u00e9s associ\u00e9es.<\/li>\n<li>Encourager le d\u00e9veloppement d&rsquo;outils p\u00e9dagogiques en direction de l&rsquo;enseignement et des autodidactes, afin d&rsquo;\u00e9largir le travail sur les mers.<\/li>\n<li>Fournir des archives afin de structurer et de partager, dans le domaine public, des informations, des connaissances et les exp\u00e9riences sur des initiatives et les activit\u00e9s entreprises autour de la mer.<\/li>\n<li>Augmenter la visibilit\u00e9 des travaux des jeunes, mais aussi d&rsquo;autres personnes impliqu\u00e9es dans la poursuite des recherches sur la mer, \u00e0 travers des expositions et d&rsquo;autres formes d&rsquo;expression audio-visuelle et \u00e9crite.<\/li>\n<li>Encourager et promouvoir la valorisation du capital social et de l&rsquo;h\u00e9ritage culturel des communaut\u00e9s de p\u00eacheurs, afin de poursuivre et d&rsquo;entretenir des relations durables avec la mer et les zones c\u00f4ti\u00e8res, y compris \u00e0 travers des expositions et diverses formes de communication.<\/li>\n<\/ul>\n<h3>Mise en \u0153uvre<\/h3>\n<ul>\n<li>Extraire des renseignements pertinents des meilleures sources scientifiques accessibles afin de les mettre \u00e0 la disposition des adolescents et des \u00e9tudiants;<\/li>\n<li>Promouvoir une valorisation forte du savoir local afin de parvenir \u00e0 des transitions vers des modes de vie durables gr\u00e2ce \u00e0 une collaboration active entre chercheurs, artistes, professeurs, \u00e9tudiants et communaut\u00e9s locales, y compris par des publications et tout autre support de communication;<\/li>\n<li>Encourager les jeunes g\u00e9n\u00e9rations \u00e0 faire leurs propres recherches sur la crise de la p\u00eache et sur le milieu marin ainsi que sur les d\u00e9fis sociaux que constitue la d\u00e9gradation des oc\u00e9ans et des c\u00f4tes;<\/li>\n<li>Encourager et soutenir des \u00e9coles pour qu&rsquo;elles amplifient leur r\u00f4le comme lieux majeurs de sensibilisation collective des futurs adultes sur l&rsquo;importance de la sauvegarde de la biodiversit\u00e9 et de la diversit\u00e9 culturelle;<\/li>\n<li>Promouvoir une culture scientifique sur les oc\u00e9ans et les mers, y compris par l&rsquo;introduction dans les programmes scolaires de cours faisant le lien entre les d\u00e9gradations du milieu marin et les cons\u00e9quences que cela implique au niveau social pour les populations c\u00f4ti\u00e8res;<\/li>\n<li>Cr\u00e9er des liens entre scientifiques et artistes afin d&rsquo;actualiser l&rsquo;information et les exp\u00e9riences de fa\u00e7on \u00e0 poursuivre et \u00e0 mettre en commun les connaissances etles perspectives qui en d\u00e9coulent pour les jeunes g\u00e9n\u00e9rations;<\/li>\n<li>Encourager le d\u00e9veloppement de la coop\u00e9ration internationale entre \u00e9coles, \u00e9tudiants, professeurs, scientifiques et artistes;<\/li>\n<li>Diffuser des informations sur cette coop\u00e9ration et ses r\u00e9sultats;<\/li>\n<li>Fournir un forum de discussion sur l&rsquo;Homme et la Mer;<\/li>\n<li>Utiliser des formes d&rsquo;arts diff\u00e9rentes comme moyens d&rsquo;expression;<\/li>\n<li>Utiliser les technologies modernes d&rsquo;information pour centraliser et partager des connaissances et des exp\u00e9riences;<\/li>\n<li>Contribuer \u00e0 la mise en r\u00e9seau des th\u00e8mes sur la protection et la r\u00e9habilitation des oc\u00e9ans et des zones c\u00f4ti\u00e8res, de leur biodiversit\u00e9 et de leurs \u00e9cosyst\u00e8mes ainsi que des cultures et des soci\u00e9t\u00e9s humaines y associ\u00e9es;<\/li>\n<li>Contribuer au d\u00e9veloppement de programmes scolaires dans le sens de la durabilit\u00e9;<\/li>\n<li>Encourager et mener des campagnes de sensibilisation et des activit\u00e9s en faveur de la protection des oc\u00e9ans et la durabilit\u00e9 des soci\u00e9t\u00e9s;<\/li>\n<li>Mobiliser des ressources (financi\u00e8res et autres) n\u00e9cessaires \u00e0 des collaborations poursuivant les objectifs de l&rsquo;Initiative.<\/li>\n<\/ul>\n<p><strong><em>Mundus maris<\/em> est une asbl avec des membres provenant de diff\u00e9rents pays du monde, enr\u00e9gistr\u00e9e depuis 2010 \u00e0 Bruxelles, en Belgique: 0830328314<\/strong><\/p>\n<p><strong>Le statut est disponible <a href=\"https:\/\/www.mundusmaris.org\/wp-content\/uploads\/2025\/02\/ASBL_Mundus_marisFR.pdf\" target=\"_blank\" rel=\"noopener\">ici<\/a><\/strong><\/p>\n<p><strong>Belfius Bank, Rue de Linthout 224, 1040 Bruxelles, Belgique, beneficiaire: Mundus maris asbl<\/strong><\/p>\n<table border=\"0\">\n<tbody>\n<tr>\n<td><strong>IBAN:<\/strong><\/td>\n<td><strong>BE54<\/strong><\/td>\n<td><strong>0688<\/strong><\/td>\n<td><strong>9178<\/strong><\/td>\n<td><strong>6297<\/strong><\/td>\n<td><strong>BIC:<\/strong><\/td>\n<td><strong>GKCCBEBB<\/strong><\/td>\n<\/tr>\n<\/tbody>\n<\/table>\n<h3><\/h3>\n<h3><\/h3>\n<h3>Conseil d&rsquo;administration de <em>Mundus maris<\/em>, \u00e9lu par l&rsquo;Assembl\u00e9e G\u00e9n\u00e9rale en mars 2024<\/h3>\n<\/div><\/div><\/div><\/div><\/div><div class=\"fusion-fullwidth fullwidth-box fusion-builder-row-2 fusion-flex-container has-pattern-background has-mask-background nonhundred-percent-fullwidth non-hundred-percent-height-scrolling\" style=\"--awb-border-radius-top-left:0px;--awb-border-radius-top-right:0px;--awb-border-radius-bottom-right:0px;--awb-border-radius-bottom-left:0px;--awb-flex-wrap:wrap;\" ><div class=\"fusion-builder-row fusion-row fusion-flex-align-items-flex-start fusion-flex-justify-content-center fusion-flex-content-wrap\" style=\"max-width:1248px;margin-left: calc(-4% \/ 2 );margin-right: calc(-4% \/ 2 );\"><div class=\"fusion-layout-column fusion_builder_column fusion-builder-column-1 fusion_builder_column_1_5 1_5 fusion-flex-column\" style=\"--awb-bg-size:cover;--awb-width-large:20%;--awb-margin-top-large:0px;--awb-spacing-right-large:9.6%;--awb-margin-bottom-large:20px;--awb-spacing-left-large:9.6%;--awb-width-medium:20%;--awb-order-medium:0;--awb-spacing-right-medium:9.6%;--awb-spacing-left-medium:9.6%;--awb-width-small:100%;--awb-order-small:0;--awb-spacing-right-small:1.92%;--awb-spacing-left-small:1.92%;\"><div class=\"fusion-column-wrapper fusion-column-has-shadow fusion-flex-justify-content-flex-start fusion-content-layout-column\"><div class=\"fusion-person person fusion-person-center fusion-person-1 fusion-person-icon-top PersonCard\" style=\"--awb-pic-style-color:var(--awb-color3);--awb-pic-borderradius:0px;--awb-margin-top:0px;--awb-margin-right:0px;--awb-margin-bottom:0px;--awb-margin-left:0px;--awb-social-box-border-top:0px;--awb-social-box-border-right:0px;--awb-social-box-border-bottom:0px;--awb-social-box-border-left:0px;--awb-social-box-border-color:var(--awb-color3);--awb-social-box-border-color-hover:var(--awb-custom_color_2);--awb-social-box-colors-hover:var(--awb-color1);--awb-social-icon-boxed-colors:var(--awb-color2);--awb-social-icon-colors:var(--awb-color6);--awb-social-icon-colors-hover:var(--awb-custom_color_2);\"><div class=\"person-shortcode-image-wrapper imageframe-liftup\"><div class=\"person-image-container\" style=\"border:0px solid var(--awb-color3);-webkit-border-radius:0px;-moz-border-radius:0px;border-radius:0px;\"><img decoding=\"async\" class=\"person-img img-responsive wp-image-1422\" width=\"150\" height=\"150\" src=\"https:\/\/www.mundusmaris.org\/wp-content\/uploads\/2024\/01\/20170702Cornelia150.jpg\" alt=\"Dr Cornelia E Nauen\" srcset=\"https:\/\/www.mundusmaris.org\/wp-content\/uploads\/2024\/01\/20170702Cornelia150-66x66.jpg 66w, https:\/\/www.mundusmaris.org\/wp-content\/uploads\/2024\/01\/20170702Cornelia150.jpg 150w\" sizes=\"(max-width: 150px) 100vw, 150px\" \/><\/div><\/div><div class=\"person-desc\" style=\"background-color:var(--awb-color1);padding:40px;margin-top:0;\"><div class=\"person-author\"><div class=\"person-author-wrapper\"><span class=\"person-name\">Dr Cornelia E Nauen<\/span><span class=\"person-title\">Pr\u00e9sidente<\/span><\/div><\/div><div class=\"person-content fusion-clearfix\">\u00e9cologiste marine de l&rsquo;Europe<\/div><\/div><\/div><\/div><\/div><div class=\"fusion-layout-column fusion_builder_column fusion-builder-column-2 fusion_builder_column_1_5 1_5 fusion-flex-column\" style=\"--awb-bg-size:cover;--awb-width-large:20%;--awb-margin-top-large:0px;--awb-spacing-right-large:9.6%;--awb-margin-bottom-large:20px;--awb-spacing-left-large:9.6%;--awb-width-medium:20%;--awb-order-medium:0;--awb-spacing-right-medium:9.6%;--awb-spacing-left-medium:9.6%;--awb-width-small:100%;--awb-order-small:0;--awb-spacing-right-small:1.92%;--awb-spacing-left-small:1.92%;\"><div class=\"fusion-column-wrapper fusion-column-has-shadow fusion-flex-justify-content-flex-start fusion-content-layout-column\"><div class=\"fusion-person person fusion-person-center fusion-person-2 fusion-person-icon-top PersonCard\" style=\"--awb-pic-style-color:var(--awb-color3);--awb-pic-borderradius:0px;--awb-margin-top:0px;--awb-margin-right:0px;--awb-margin-bottom:0px;--awb-margin-left:0px;--awb-social-box-border-top:0px;--awb-social-box-border-right:0px;--awb-social-box-border-bottom:0px;--awb-social-box-border-left:0px;--awb-social-box-border-color:var(--awb-color3);--awb-social-box-border-color-hover:var(--awb-custom_color_2);--awb-social-box-colors-hover:var(--awb-color1);--awb-social-icon-boxed-colors:var(--awb-color2);--awb-social-icon-colors:var(--awb-color6);--awb-social-icon-colors-hover:var(--awb-custom_color_2);\"><div class=\"person-shortcode-image-wrapper imageframe-liftup\"><div class=\"person-image-container\" style=\"border:0px solid var(--awb-color3);-webkit-border-radius:0px;-moz-border-radius:0px;border-radius:0px;\"><a href=\"https:\/\/www.mundusmaris.org\/index.php\/en\/review\/picture\/199-pic201607\" target=\"_self\"><img decoding=\"async\" class=\"person-img img-responsive wp-image-1414\" width=\"150\" height=\"150\" src=\"https:\/\/www.mundusmaris.org\/wp-content\/uploads\/2024\/01\/20170702Stella150.jpg\" alt=\"Prof. Stella Williams\" srcset=\"https:\/\/www.mundusmaris.org\/wp-content\/uploads\/2024\/01\/20170702Stella150-66x66.jpg 66w, https:\/\/www.mundusmaris.org\/wp-content\/uploads\/2024\/01\/20170702Stella150.jpg 150w\" sizes=\"(max-width: 150px) 100vw, 150px\" \/><\/a><\/div><\/div><div class=\"person-desc\" style=\"background-color:var(--awb-color1);padding:40px;margin-top:0;\"><div class=\"person-author\"><div class=\"person-author-wrapper\"><span class=\"person-name\">Prof. Stella Williams<\/span><span class=\"person-title\">Vice-Pr\u00e9sidente et Secr\u00e9taire ex\u00e9cutive<\/span><\/div><\/div><div class=\"person-content fusion-clearfix\">\u00e9conomiste agricole du Nigeria<\/div><\/div><\/div><\/div><\/div><div class=\"fusion-layout-column fusion_builder_column fusion-builder-column-3 fusion_builder_column_1_5 1_5 fusion-flex-column\" style=\"--awb-bg-size:cover;--awb-width-large:20%;--awb-margin-top-large:0px;--awb-spacing-right-large:9.6%;--awb-margin-bottom-large:20px;--awb-spacing-left-large:9.6%;--awb-width-medium:20%;--awb-order-medium:0;--awb-spacing-right-medium:9.6%;--awb-spacing-left-medium:9.6%;--awb-width-small:100%;--awb-order-small:0;--awb-spacing-right-small:1.92%;--awb-spacing-left-small:1.92%;\"><div class=\"fusion-column-wrapper fusion-column-has-shadow fusion-flex-justify-content-flex-start fusion-content-layout-column\"><div class=\"fusion-person person fusion-person-center fusion-person-3 fusion-person-icon-top PersonCard\" style=\"--awb-pic-style-color:var(--awb-color3);--awb-pic-borderradius:0px;--awb-margin-top:0px;--awb-margin-right:0px;--awb-margin-bottom:0px;--awb-margin-left:0px;--awb-social-box-border-top:0px;--awb-social-box-border-right:0px;--awb-social-box-border-bottom:0px;--awb-social-box-border-left:0px;--awb-social-box-border-color:var(--awb-color3);--awb-social-box-border-color-hover:var(--awb-custom_color_2);--awb-social-box-colors-hover:var(--awb-color1);--awb-social-icon-boxed-colors:var(--awb-color2);--awb-social-icon-colors:var(--awb-color6);--awb-social-icon-colors-hover:var(--awb-custom_color_2);\"><div class=\"person-shortcode-image-wrapper imageframe-liftup\"><div class=\"person-image-container\" style=\"border:0px solid var(--awb-color3);-webkit-border-radius:0px;-moz-border-radius:0px;border-radius:0px;\"><img decoding=\"async\" class=\"person-img img-responsive wp-image-1426\" width=\"150\" height=\"150\" src=\"https:\/\/www.mundusmaris.org\/wp-content\/uploads\/2024\/01\/20170702Aliou150.jpg\" alt=\"Dr. Aliou Sall\" srcset=\"https:\/\/www.mundusmaris.org\/wp-content\/uploads\/2024\/01\/20170702Aliou150-66x66.jpg 66w, https:\/\/www.mundusmaris.org\/wp-content\/uploads\/2024\/01\/20170702Aliou150.jpg 150w\" sizes=\"(max-width: 150px) 100vw, 150px\" \/><\/div><\/div><div class=\"person-desc\" style=\"background-color:var(--awb-color1);padding:40px;margin-top:0;\"><div class=\"person-author\"><div class=\"person-author-wrapper\"><span class=\"person-name\">Dr. Aliou Sall<\/span><span class=\"person-title\">Vice-Pr\u00e9sidente<\/span><\/div><\/div><div class=\"person-content fusion-clearfix\">socio-anthropologue avec sp\u00e9cialisation en p\u00eaches du S\u00e9n\u00e9gal<\/div><\/div><\/div><\/div><\/div><div class=\"fusion-layout-column fusion_builder_column fusion-builder-column-4 fusion_builder_column_1_5 1_5 fusion-flex-column\" style=\"--awb-bg-size:cover;--awb-width-large:20%;--awb-margin-top-large:0px;--awb-spacing-right-large:9.6%;--awb-margin-bottom-large:20px;--awb-spacing-left-large:9.6%;--awb-width-medium:20%;--awb-order-medium:0;--awb-spacing-right-medium:9.6%;--awb-spacing-left-medium:9.6%;--awb-width-small:100%;--awb-order-small:0;--awb-spacing-right-small:1.92%;--awb-spacing-left-small:1.92%;\"><div class=\"fusion-column-wrapper fusion-column-has-shadow fusion-flex-justify-content-flex-start fusion-content-layout-column\"><div class=\"fusion-person person fusion-person-center fusion-person-4 fusion-person-icon-top PersonCard\" style=\"--awb-pic-style-color:var(--awb-color3);--awb-pic-borderradius:0px;--awb-margin-top:0px;--awb-margin-right:0px;--awb-margin-bottom:0px;--awb-margin-left:0px;--awb-social-box-border-top:0px;--awb-social-box-border-right:0px;--awb-social-box-border-bottom:0px;--awb-social-box-border-left:0px;--awb-social-box-border-color:var(--awb-color3);--awb-social-box-border-color-hover:var(--awb-custom_color_2);--awb-social-box-colors-hover:var(--awb-color1);--awb-social-icon-boxed-colors:var(--awb-color2);--awb-social-icon-colors:var(--awb-color6);--awb-social-icon-colors-hover:var(--awb-custom_color_2);\"><div class=\"person-shortcode-image-wrapper imageframe-liftup\"><div class=\"person-image-container\" style=\"border:0px solid var(--awb-color3);-webkit-border-radius:0px;-moz-border-radius:0px;border-radius:0px;\"><img decoding=\"async\" class=\"person-img img-responsive wp-image-1418\" width=\"150\" height=\"150\" src=\"https:\/\/www.mundusmaris.org\/wp-content\/uploads\/2024\/01\/20170702Patricia150.jpg\" alt=\"Dr. Maria del Carmen Patricia Morales\" srcset=\"https:\/\/www.mundusmaris.org\/wp-content\/uploads\/2024\/01\/20170702Patricia150-66x66.jpg 66w, https:\/\/www.mundusmaris.org\/wp-content\/uploads\/2024\/01\/20170702Patricia150.jpg 150w\" sizes=\"(max-width: 150px) 100vw, 150px\" \/><\/div><\/div><div class=\"person-desc\" style=\"background-color:var(--awb-color1);padding:40px;margin-top:0;\"><div class=\"person-author\"><div class=\"person-author-wrapper\"><span class=\"person-name\">Dr. Maria del Carmen Patricia Morales<\/span><span class=\"person-title\">Vice-Pr\u00e9sidente<\/span><\/div><\/div><div class=\"person-content fusion-clearfix\">dipl\u00f4m\u00e9e en philosophie et \u00e9thique de l&rsquo;Argentine<\/div><\/div><\/div><\/div><\/div><div class=\"fusion-layout-column fusion_builder_column fusion-builder-column-5 fusion_builder_column_1_5 1_5 fusion-flex-column\" style=\"--awb-bg-size:cover;--awb-width-large:20%;--awb-margin-top-large:0px;--awb-spacing-right-large:9.6%;--awb-margin-bottom-large:20px;--awb-spacing-left-large:9.6%;--awb-width-medium:20%;--awb-order-medium:0;--awb-spacing-right-medium:9.6%;--awb-spacing-left-medium:9.6%;--awb-width-small:100%;--awb-order-small:0;--awb-spacing-right-small:1.92%;--awb-spacing-left-small:1.92%;\"><div class=\"fusion-column-wrapper fusion-column-has-shadow fusion-flex-justify-content-flex-start fusion-content-layout-column\"><div class=\"fusion-person person fusion-person-center fusion-person-5 fusion-person-icon-top PersonCard\" style=\"--awb-pic-style-color:var(--awb-color3);--awb-pic-borderradius:0px;--awb-margin-top:0px;--awb-margin-right:0px;--awb-margin-bottom:0px;--awb-margin-left:0px;--awb-social-box-border-top:0px;--awb-social-box-border-right:0px;--awb-social-box-border-bottom:0px;--awb-social-box-border-left:0px;--awb-social-box-border-color:var(--awb-color3);--awb-social-box-border-color-hover:var(--awb-custom_color_2);--awb-social-box-colors-hover:var(--awb-color1);--awb-social-icon-boxed-colors:var(--awb-color2);--awb-social-icon-colors:var(--awb-color6);--awb-social-icon-colors-hover:var(--awb-custom_color_2);\"><div class=\"person-shortcode-image-wrapper imageframe-liftup\"><div class=\"person-image-container\" style=\"border:0px solid var(--awb-color3);-webkit-border-radius:0px;-moz-border-radius:0px;border-radius:0px;\"><img decoding=\"async\" class=\"person-img img-responsive wp-image-1410\" width=\"150\" height=\"148\" src=\"https:\/\/www.mundusmaris.org\/wp-content\/uploads\/2024\/01\/Marcelo-fondoMM_150.jpg\" alt=\"Dr. Marcelo Lino Morales Yokobori\" srcset=\"https:\/\/www.mundusmaris.org\/wp-content\/uploads\/2024\/01\/Marcelo-fondoMM_150-66x66.jpg 66w, https:\/\/www.mundusmaris.org\/wp-content\/uploads\/2024\/01\/Marcelo-fondoMM_150.jpg 150w\" sizes=\"(max-width: 150px) 100vw, 150px\" \/><\/div><\/div><div class=\"person-desc\" style=\"background-color:var(--awb-color1);padding:40px;margin-top:0;\"><div class=\"person-author\"><div class=\"person-author-wrapper\"><span class=\"person-name\">Dr. Marcelo Lino Morales Yokobori<\/span><span class=\"person-title\">Vice-Pr\u00e9sidente<\/span><\/div><\/div><div class=\"person-content fusion-clearfix\">biologiste et professeur d&rsquo;universit\u00e9 d&rsquo;Argentine<\/div><\/div><\/div><\/div><\/div><\/div><\/div><\/p>\n","protected":false},"excerpt":{"rendered":"","protected":false},"author":1,"featured_media":0,"parent":0,"menu_order":0,"comment_status":"closed","ping_status":"closed","template":"","meta":{"_acf_changed":false,"footnotes":""},"categoria-pagina":[],"class_list":["post-2036","page","type-page","status-publish","hentry"],"acf":[],"_links":{"self":[{"href":"https:\/\/www.mundusmaris.org\/fr\/wp-json\/wp\/v2\/pages\/2036","targetHints":{"allow":["GET"]}}],"collection":[{"href":"https:\/\/www.mundusmaris.org\/fr\/wp-json\/wp\/v2\/pages"}],"about":[{"href":"https:\/\/www.mundusmaris.org\/fr\/wp-json\/wp\/v2\/types\/page"}],"author":[{"embeddable":true,"href":"https:\/\/www.mundusmaris.org\/fr\/wp-json\/wp\/v2\/users\/1"}],"replies":[{"embeddable":true,"href":"https:\/\/www.mundusmaris.org\/fr\/wp-json\/wp\/v2\/comments?post=2036"}],"version-history":[{"count":6,"href":"https:\/\/www.mundusmaris.org\/fr\/wp-json\/wp\/v2\/pages\/2036\/revisions"}],"predecessor-version":[{"id":16144,"href":"https:\/\/www.mundusmaris.org\/fr\/wp-json\/wp\/v2\/pages\/2036\/revisions\/16144"}],"wp:attachment":[{"href":"https:\/\/www.mundusmaris.org\/fr\/wp-json\/wp\/v2\/media?parent=2036"}],"wp:term":[{"taxonomy":"categoria-pagina","embeddable":true,"href":"https:\/\/www.mundusmaris.org\/fr\/wp-json\/wp\/v2\/categoria-pagina?post=2036"}],"curies":[{"name":"wp","href":"https:\/\/api.w.org\/{rel}","templated":true}]}}