{"id":10784,"date":"2024-09-20T10:39:28","date_gmt":"2024-09-20T10:39:28","guid":{"rendered":"http:\/\/www.mundusmaris.org\/ressources\/ressources-pedagogiques\/"},"modified":"2024-10-11T07:38:30","modified_gmt":"2024-10-11T07:38:30","slug":"ressources-pedagogiques","status":"publish","type":"page","link":"https:\/\/www.mundusmaris.org\/fr\/ressources-pedagogiques\/","title":{"rendered":"Ressources p\u00e9dagogiques"},"content":{"rendered":"<p><div class=\"fusion-fullwidth fullwidth-box fusion-builder-row-1 fusion-flex-container has-pattern-background has-mask-background nonhundred-percent-fullwidth non-hundred-percent-height-scrolling\" style=\"--awb-border-radius-top-left:0px;--awb-border-radius-top-right:0px;--awb-border-radius-bottom-right:0px;--awb-border-radius-bottom-left:0px;--awb-flex-wrap:wrap;\" ><div class=\"fusion-builder-row fusion-row fusion-flex-align-items-flex-start fusion-flex-content-wrap\" style=\"max-width:1248px;margin-left: calc(-4% \/ 2 );margin-right: calc(-4% \/ 2 );\"><div class=\"fusion-layout-column fusion_builder_column fusion-builder-column-0 fusion_builder_column_1_1 1_1 fusion-flex-column\" style=\"--awb-bg-size:cover;--awb-width-large:100%;--awb-margin-top-large:0px;--awb-spacing-right-large:1.92%;--awb-margin-bottom-large:20px;--awb-spacing-left-large:1.92%;--awb-width-medium:100%;--awb-order-medium:0;--awb-spacing-right-medium:1.92%;--awb-spacing-left-medium:1.92%;--awb-width-small:100%;--awb-order-small:0;--awb-spacing-right-small:1.92%;--awb-spacing-left-small:1.92%;\"><div class=\"fusion-column-wrapper fusion-column-has-shadow fusion-flex-justify-content-flex-start fusion-content-layout-column\"><div class=\"fusion-text fusion-text-1\"><p><strong>NOTE:<\/strong> Parfois, un fichier pdf ne peut pas \u00eatre ouvert dans votre navigateur, en fonction de votre programme, de votre configuration, de vos plugins. Dans tous les cas, il est toujours possible de l\u2019enregistrer ou de le t\u00e9l\u00e9charger, pour l\u2019ouvrir localement.<\/p>\n<\/div><\/div><\/div><\/div><\/div><div class=\"fusion-fullwidth fullwidth-box fusion-builder-row-2 fusion-flex-container has-pattern-background has-mask-background nonhundred-percent-fullwidth non-hundred-percent-height-scrolling\" style=\"--awb-border-radius-top-left:0px;--awb-border-radius-top-right:0px;--awb-border-radius-bottom-right:0px;--awb-border-radius-bottom-left:0px;--awb-flex-wrap:wrap;\" ><div class=\"fusion-builder-row fusion-row fusion-flex-align-items-flex-start fusion-flex-content-wrap\" style=\"max-width:1248px;margin-left: calc(-4% \/ 2 );margin-right: calc(-4% \/ 2 );\"><div class=\"fusion-layout-column fusion_builder_column fusion-builder-column-1 fusion_builder_column_1_1 1_1 fusion-flex-column\" style=\"--awb-bg-size:cover;--awb-width-large:100%;--awb-margin-top-large:0px;--awb-spacing-right-large:1.92%;--awb-margin-bottom-large:20px;--awb-spacing-left-large:1.92%;--awb-width-medium:100%;--awb-order-medium:0;--awb-spacing-right-medium:1.92%;--awb-spacing-left-medium:1.92%;--awb-width-small:100%;--awb-order-small:0;--awb-spacing-right-small:1.92%;--awb-spacing-left-small:1.92%;\"><div class=\"fusion-column-wrapper fusion-column-has-shadow fusion-flex-justify-content-flex-start fusion-content-layout-column\"><div class=\"fusion-title title fusion-title-1 fusion-sep-none fusion-title-text fusion-title-size-one\" style=\"--awb-margin-top-small:10px;--awb-margin-right-small:0px;--awb-margin-bottom-small:10px;--awb-margin-left-small:0px;\"><h1 class=\"fusion-title-heading title-heading-left\" style=\"margin:0;\">Trousse p\u00e9dagogique sur l\u2019approche \u00e9cosyst\u00e9mique des p\u00eaches (AEF)<\/h1><\/div><div class='w3eden'>\n    <div class=''>\n\n        \n        <div id=\"content_wpdm_package_1\">\n            <div class='row'><div class='col-lg-6 col-md-12 col-12'>link-template-mundusmaris.php<\/div><div class='col-lg-6 col-md-12 col-12'>link-template-mundusmaris.php<\/div><div class='col-lg-6 col-md-12 col-12'>link-template-mundusmaris.php<\/div><div class='col-lg-6 col-md-12 col-12'>link-template-mundusmaris.php<\/div><div class='col-lg-6 col-md-12 col-12'>link-template-mundusmaris.php<\/div><div class='col-lg-6 col-md-12 col-12'>link-template-mundusmaris.php<\/div><div class='col-lg-6 col-md-12 col-12'>link-template-mundusmaris.php<\/div><div class='col-lg-6 col-md-12 col-12'>link-template-mundusmaris.php<\/div><div class='col-lg-6 col-md-12 col-12'>link-template-mundusmaris.php<\/div><div class='col-lg-6 col-md-12 col-12'>link-template-mundusmaris.php<\/div><div class='col-lg-6 col-md-12 col-12'>link-template-mundusmaris.php<\/div><div class='col-lg-6 col-md-12 col-12'>link-template-mundusmaris.php<\/div><\/div>                    <\/div>\n\n        <div style='clear:both'><\/div>\n    <\/div>\n<\/div>\n<\/div><\/div><\/div><\/div><div class=\"fusion-fullwidth fullwidth-box fusion-builder-row-3 fusion-flex-container has-pattern-background has-mask-background nonhundred-percent-fullwidth non-hundred-percent-height-scrolling\" style=\"--awb-border-radius-top-left:0px;--awb-border-radius-top-right:0px;--awb-border-radius-bottom-right:0px;--awb-border-radius-bottom-left:0px;--awb-flex-wrap:wrap;\" ><div class=\"fusion-builder-row fusion-row fusion-flex-align-items-flex-start fusion-flex-content-wrap\" style=\"max-width:1248px;margin-left: calc(-4% \/ 2 );margin-right: calc(-4% \/ 2 );\"><div class=\"fusion-layout-column fusion_builder_column fusion-builder-column-2 fusion_builder_column_1_1 1_1 fusion-flex-column\" style=\"--awb-bg-size:cover;--awb-width-large:100%;--awb-margin-top-large:0px;--awb-spacing-right-large:1.92%;--awb-margin-bottom-large:20px;--awb-spacing-left-large:1.92%;--awb-width-medium:100%;--awb-order-medium:0;--awb-spacing-right-medium:1.92%;--awb-spacing-left-medium:1.92%;--awb-width-small:100%;--awb-order-small:0;--awb-spacing-right-small:1.92%;--awb-spacing-left-small:1.92%;\"><div class=\"fusion-column-wrapper fusion-column-has-shadow fusion-flex-justify-content-flex-start fusion-content-layout-column\"><div class=\"fusion-title title fusion-title-2 fusion-sep-none fusion-title-text fusion-title-size-one\" style=\"--awb-margin-top-small:10px;--awb-margin-right-small:0px;--awb-margin-bottom-small:10px;--awb-margin-left-small:0px;\"><h1 class=\"fusion-title-heading title-heading-left\" style=\"margin:0;\">Acad\u00e9mie de la p\u00eache artisanale<\/h1><\/div><div class='w3eden'>\n    <div class=''>\n\n        \n        <div id=\"content_wpdm_package_2\">\n            <div class='row'><div class='col-lg-6 col-md-12 col-12'>link-template-mundusmaris.php<\/div><div class='col-lg-6 col-md-12 col-12'>link-template-mundusmaris.php<\/div><div class='col-lg-6 col-md-12 col-12'>link-template-mundusmaris.php<\/div><div class='col-lg-6 col-md-12 col-12'>link-template-mundusmaris.php<\/div><\/div>                    <\/div>\n\n        <div style='clear:both'><\/div>\n    <\/div>\n<\/div>\n<\/div><\/div><\/div><\/div><div class=\"fusion-fullwidth fullwidth-box fusion-builder-row-4 fusion-flex-container has-pattern-background has-mask-background nonhundred-percent-fullwidth non-hundred-percent-height-scrolling\" style=\"--awb-border-radius-top-left:0px;--awb-border-radius-top-right:0px;--awb-border-radius-bottom-right:0px;--awb-border-radius-bottom-left:0px;--awb-flex-wrap:wrap;\" ><div class=\"fusion-builder-row fusion-row fusion-flex-align-items-flex-start fusion-flex-content-wrap\" style=\"max-width:1248px;margin-left: calc(-4% \/ 2 );margin-right: calc(-4% \/ 2 );\"><div class=\"fusion-layout-column fusion_builder_column fusion-builder-column-3 fusion_builder_column_1_1 1_1 fusion-flex-column\" style=\"--awb-bg-size:cover;--awb-width-large:100%;--awb-margin-top-large:0px;--awb-spacing-right-large:1.92%;--awb-margin-bottom-large:20px;--awb-spacing-left-large:1.92%;--awb-width-medium:100%;--awb-order-medium:0;--awb-spacing-right-medium:1.92%;--awb-spacing-left-medium:1.92%;--awb-width-small:100%;--awb-order-small:0;--awb-spacing-right-small:1.92%;--awb-spacing-left-small:1.92%;\"><div class=\"fusion-column-wrapper fusion-column-has-shadow fusion-flex-justify-content-flex-start fusion-content-layout-column\"><div class=\"fusion-title title fusion-title-3 fusion-sep-none fusion-title-text fusion-title-size-one\" style=\"--awb-margin-top-small:10px;--awb-margin-right-small:0px;--awb-margin-bottom-small:10px;--awb-margin-left-small:0px;\"><h1 class=\"fusion-title-heading title-heading-left\" style=\"margin:0;\">Ressources additionnelles<\/h1><\/div><div class=\"fusion-text fusion-text-2\"><p><a href=\"http:\/\/www.fao.org\/3\/a0191e\/a0191e00.htm\" target=\"_blank\" rel=\"noopener\"><strong>FAO, 2005. Mise en pratique de l\u2019approche \u00e9cosyst\u00e9mique de la p\u00eache <\/strong><\/a>. Rome, FAO <a href=\"http:\/\/www.fishbase.de\/\" target=\"_blank\" rel=\"noopener\"><strong>FishB<\/strong>ase<\/a>, the global encyclopedia on all fishes (can be searched also with local names in different languages and with many other search criteria. It also offers fish identification, quizz, and much more) <a href=\"http:\/\/www.sealifebase.org\/\" target=\"_blank\" rel=\"noopener\"><strong>SeaLifeBase<\/strong><\/a>, the global encyclopedia on non-fish marine organisms (can be searched similarly to FishBase) Teaching guide about biodiversity &#8211; Grades 4 to 6: <strong><a href=\"https:\/\/www.cbd.int\/ibd\/2008\/Resources\/teachers\/1.shtml\" target=\"_blank\" rel=\"noopener\">What is biodiversity?<\/a><\/strong> <strong><a href=\"http:\/\/seaaroundus.org\/\" target=\"_blank\" rel=\"noopener\">Sea Around Us<\/a><\/strong> Project documenting the impact of fisheries on the oceans around the globe.<\/p>\n<\/div><div class='w3eden'>\n    <div class=''>\n\n        \n        <div id=\"content_wpdm_package_3\">\n            <div class='row'><div class='col-lg-6 col-md-12 col-12'>link-template-mundusmaris.php<\/div><\/div>                    <\/div>\n\n        <div style='clear:both'><\/div>\n    <\/div>\n<\/div>\n<\/div><\/div><\/div><\/div><div class=\"fusion-fullwidth fullwidth-box fusion-builder-row-5 fusion-flex-container has-pattern-background has-mask-background nonhundred-percent-fullwidth non-hundred-percent-height-scrolling\" style=\"--awb-border-radius-top-left:0px;--awb-border-radius-top-right:0px;--awb-border-radius-bottom-right:0px;--awb-border-radius-bottom-left:0px;--awb-flex-wrap:wrap;\" ><div class=\"fusion-builder-row fusion-row fusion-flex-align-items-flex-start fusion-flex-content-wrap\" style=\"max-width:1248px;margin-left: calc(-4% \/ 2 );margin-right: calc(-4% \/ 2 );\"><div class=\"fusion-layout-column fusion_builder_column fusion-builder-column-4 fusion_builder_column_1_1 1_1 fusion-flex-column\" style=\"--awb-bg-size:cover;--awb-width-large:100%;--awb-margin-top-large:0px;--awb-spacing-right-large:1.92%;--awb-margin-bottom-large:20px;--awb-spacing-left-large:1.92%;--awb-width-medium:100%;--awb-order-medium:0;--awb-spacing-right-medium:1.92%;--awb-spacing-left-medium:1.92%;--awb-width-small:100%;--awb-order-small:0;--awb-spacing-right-small:1.92%;--awb-spacing-left-small:1.92%;\"><div class=\"fusion-column-wrapper fusion-column-has-shadow fusion-flex-justify-content-flex-start fusion-content-layout-column\"><div class=\"fusion-title title fusion-title-4 fusion-sep-none fusion-title-text fusion-title-size-one\" style=\"--awb-margin-top-small:10px;--awb-margin-right-small:0px;--awb-margin-bottom-small:10px;--awb-margin-left-small:0px;\"><h1 class=\"fusion-title-heading title-heading-left\" style=\"margin:0;\">FishBase Guide<\/h1><\/div><\/div><\/div><div class=\"fusion-layout-column fusion_builder_column fusion-builder-column-5 fusion_builder_column_1_2 1_2 fusion-flex-column\" style=\"--awb-bg-size:cover;--awb-width-large:50%;--awb-margin-top-large:0px;--awb-spacing-right-large:3.84%;--awb-margin-bottom-large:20px;--awb-spacing-left-large:3.84%;--awb-width-medium:50%;--awb-order-medium:0;--awb-spacing-right-medium:3.84%;--awb-spacing-left-medium:3.84%;--awb-width-small:100%;--awb-order-small:0;--awb-spacing-right-small:1.92%;--awb-spacing-left-small:1.92%;\"><div class=\"fusion-column-wrapper fusion-column-has-shadow fusion-flex-justify-content-flex-start fusion-content-layout-column\"><div class=\"fusion-builder-row fusion-builder-row-inner fusion-row fusion-flex-align-items-flex-start fusion-flex-content-wrap\" style=\"--awb-flex-grow:0;--awb-flex-grow-medium:0;--awb-flex-grow-small:0;--awb-flex-shrink:0;--awb-flex-shrink-medium:0;--awb-flex-shrink-small:0;width:104% !important;max-width:104% !important;margin-left: calc(-4% \/ 2 );margin-right: calc(-4% \/ 2 );\"><div class=\"fusion-layout-column fusion_builder_column_inner fusion-builder-nested-column-0 fusion_builder_column_inner_1_6 1_6 fusion-flex-column\" style=\"--awb-bg-size:cover;--awb-width-large:16.666666666667%;--awb-margin-top-large:0px;--awb-spacing-right-large:11.52%;--awb-margin-bottom-large:20px;--awb-spacing-left-large:11.52%;--awb-width-medium:16.666666666667%;--awb-order-medium:0;--awb-spacing-right-medium:11.52%;--awb-spacing-left-medium:11.52%;--awb-width-small:100%;--awb-order-small:0;--awb-spacing-right-small:1.92%;--awb-spacing-left-small:1.92%;\"><div class=\"fusion-column-wrapper fusion-column-has-shadow fusion-flex-justify-content-flex-start fusion-content-layout-column\"><div class=\"fusion-image-element \" style=\"text-align:center;--awb-max-width:100px;--awb-caption-title-font-family:var(--h2_typography-font-family);--awb-caption-title-font-weight:var(--h2_typography-font-weight);--awb-caption-title-font-style:var(--h2_typography-font-style);--awb-caption-title-size:var(--h2_typography-font-size);--awb-caption-title-transform:var(--h2_typography-text-transform);--awb-caption-title-line-height:var(--h2_typography-line-height);--awb-caption-title-letter-spacing:var(--h2_typography-letter-spacing);\"><span class=\" fusion-imageframe imageframe-none imageframe-1 hover-type-none\" style=\"border-radius:10px;\"><a class=\"fusion-no-lightbox\" href=\"https:\/\/play.google.com\/store\/apps\/details?id=se.fishbase.qquatics\" target=\"_blank\" aria-label=\"fishbase\" rel=\"noopener noreferrer\"><img decoding=\"async\" width=\"200\" height=\"200\" src=\"http:\/\/www.mundusmaris.org\/wp-content\/uploads\/2024\/04\/fishbase-200x200.webp\" alt class=\"img-responsive wp-image-5275\" srcset=\"https:\/\/www.mundusmaris.org\/wp-content\/uploads\/2024\/04\/fishbase-200x200.webp 200w, https:\/\/www.mundusmaris.org\/wp-content\/uploads\/2024\/04\/fishbase.webp 240w\" sizes=\"(max-width: 640px) 100vw, 200px\" \/><\/a><\/span><\/div><\/div><\/div><div class=\"fusion-layout-column fusion_builder_column_inner fusion-builder-nested-column-1 fusion_builder_column_inner_5_6 5_6 fusion-flex-column\" style=\"--awb-bg-size:cover;--awb-width-large:83.333333333333%;--awb-margin-top-large:0px;--awb-spacing-right-large:2.304%;--awb-margin-bottom-large:20px;--awb-spacing-left-large:2.304%;--awb-width-medium:83.333333333333%;--awb-order-medium:0;--awb-spacing-right-medium:2.304%;--awb-spacing-left-medium:2.304%;--awb-width-small:100%;--awb-order-small:0;--awb-spacing-right-small:1.92%;--awb-spacing-left-small:1.92%;\"><div class=\"fusion-column-wrapper fusion-column-has-shadow fusion-flex-justify-content-flex-start fusion-content-layout-column\"><div class=\"fusion-text fusion-text-3\"><p>L\u2019application <strong>FishBase Guide<\/strong> avec des informations essentielles pour une production et une consommation durables, consultable avec les noms de poissons courants dans n\u2019importe quelle langue<\/p>\n<\/div><\/div><\/div><\/div><div class=\"fusion-image-element \" style=\"text-align:center;--awb-max-width:240px;--awb-caption-title-font-family:var(--h2_typography-font-family);--awb-caption-title-font-weight:var(--h2_typography-font-weight);--awb-caption-title-font-style:var(--h2_typography-font-style);--awb-caption-title-size:var(--h2_typography-font-size);--awb-caption-title-transform:var(--h2_typography-text-transform);--awb-caption-title-line-height:var(--h2_typography-line-height);--awb-caption-title-letter-spacing:var(--h2_typography-letter-spacing);\"><span class=\" fusion-imageframe imageframe-none imageframe-2 hover-type-zoomin\"><a class=\"fusion-no-lightbox\" href=\"https:\/\/play.google.com\/store\/apps\/details?id=se.fishbase.qquatics\" target=\"_blank\" aria-label=\"google-play-badge\" rel=\"noopener noreferrer\"><img decoding=\"async\" width=\"300\" height=\"116\" alt=\"t\u00e9l\u00e9charger le guide FishBase\" src=\"http:\/\/www.mundusmaris.org\/wp-content\/uploads\/2024\/04\/google-play-badge-300x116.png\" class=\"img-responsive wp-image-5240\" srcset=\"https:\/\/www.mundusmaris.org\/wp-content\/uploads\/2024\/04\/google-play-badge-200x77.png 200w, https:\/\/www.mundusmaris.org\/wp-content\/uploads\/2024\/04\/google-play-badge-400x155.png 400w, https:\/\/www.mundusmaris.org\/wp-content\/uploads\/2024\/04\/google-play-badge-600x232.png 600w, https:\/\/www.mundusmaris.org\/wp-content\/uploads\/2024\/04\/google-play-badge.png 646w\" sizes=\"(max-width: 640px) 100vw, 300px\" \/><\/a><\/span><\/div><div class=\"fusion-image-element \" style=\"text-align:center;--awb-margin-top:30px;--awb-caption-title-font-family:var(--h2_typography-font-family);--awb-caption-title-font-weight:var(--h2_typography-font-weight);--awb-caption-title-font-style:var(--h2_typography-font-style);--awb-caption-title-size:var(--h2_typography-font-size);--awb-caption-title-transform:var(--h2_typography-text-transform);--awb-caption-title-line-height:var(--h2_typography-line-height);--awb-caption-title-letter-spacing:var(--h2_typography-letter-spacing);\"><span class=\" fusion-imageframe imageframe-none imageframe-3 hover-type-none\"><a class=\"fusion-no-lightbox\" href=\"https:\/\/play.google.com\/store\/apps\/details?id=se.fishbase.qquatics\" target=\"_blank\" aria-label=\"QR-Code1\" rel=\"noopener noreferrer\"><img decoding=\"async\" width=\"200\" height=\"200\" alt=\"t\u00e9l\u00e9charger le guide FishBase\" src=\"http:\/\/www.mundusmaris.org\/wp-content\/uploads\/2024\/04\/QR-Code1-200x200.png\" class=\"img-responsive wp-image-5252\" srcset=\"https:\/\/www.mundusmaris.org\/wp-content\/uploads\/2024\/04\/QR-Code1-200x200.png 200w, https:\/\/www.mundusmaris.org\/wp-content\/uploads\/2024\/04\/QR-Code1.png 375w\" sizes=\"(max-width: 640px) 100vw, 200px\" \/><\/a><\/span><\/div><\/div><\/div><div class=\"fusion-layout-column fusion_builder_column fusion-builder-column-6 fusion_builder_column_1_2 1_2 fusion-flex-column\" style=\"--awb-bg-size:cover;--awb-width-large:50%;--awb-margin-top-large:0px;--awb-spacing-right-large:3.84%;--awb-margin-bottom-large:20px;--awb-spacing-left-large:3.84%;--awb-width-medium:50%;--awb-order-medium:0;--awb-spacing-right-medium:3.84%;--awb-spacing-left-medium:3.84%;--awb-width-small:100%;--awb-order-small:0;--awb-spacing-right-small:1.92%;--awb-spacing-left-small:1.92%;\"><div class=\"fusion-column-wrapper fusion-column-has-shadow fusion-flex-justify-content-flex-start fusion-content-layout-column\"><div class=\"fusion-image-element \" style=\"--awb-caption-title-font-family:var(--h2_typography-font-family);--awb-caption-title-font-weight:var(--h2_typography-font-weight);--awb-caption-title-font-style:var(--h2_typography-font-style);--awb-caption-title-size:var(--h2_typography-font-size);--awb-caption-title-transform:var(--h2_typography-text-transform);--awb-caption-title-line-height:var(--h2_typography-line-height);--awb-caption-title-letter-spacing:var(--h2_typography-letter-spacing);\"><span class=\" fusion-imageframe imageframe-none imageframe-4 hover-type-none\"><a class=\"fusion-no-lightbox\" href=\"https:\/\/play.google.com\/store\/apps\/details?id=se.fishbase.qquatics\" target=\"_blank\" aria-label=\"Visitenkarten_FishBaseApp_Ad-2\" rel=\"noopener noreferrer\"><img decoding=\"async\" width=\"400\" height=\"618\" src=\"http:\/\/www.mundusmaris.org\/wp-content\/uploads\/2024\/04\/Visitenkarten_FishBaseApp_Ad-2-400x618.jpg\" alt class=\"img-responsive wp-image-5324\" srcset=\"https:\/\/www.mundusmaris.org\/wp-content\/uploads\/2024\/04\/Visitenkarten_FishBaseApp_Ad-2-200x309.jpg 200w, https:\/\/www.mundusmaris.org\/wp-content\/uploads\/2024\/04\/Visitenkarten_FishBaseApp_Ad-2-400x618.jpg 400w, https:\/\/www.mundusmaris.org\/wp-content\/uploads\/2024\/04\/Visitenkarten_FishBaseApp_Ad-2-600x927.jpg 600w, https:\/\/www.mundusmaris.org\/wp-content\/uploads\/2024\/04\/Visitenkarten_FishBaseApp_Ad-2-800x1236.jpg 800w, https:\/\/www.mundusmaris.org\/wp-content\/uploads\/2024\/04\/Visitenkarten_FishBaseApp_Ad-2.jpg 900w\" sizes=\"(max-width: 640px) 100vw, 600px\" \/><\/a><\/span><\/div><\/div><\/div><\/div><\/div><\/p>\n","protected":false},"excerpt":{"rendered":"","protected":false},"author":2,"featured_media":0,"parent":0,"menu_order":20,"comment_status":"closed","ping_status":"closed","template":"","meta":{"_acf_changed":false,"footnotes":""},"categoria-pagina":[],"class_list":["post-10784","page","type-page","status-publish","hentry"],"acf":[],"_links":{"self":[{"href":"https:\/\/www.mundusmaris.org\/fr\/wp-json\/wp\/v2\/pages\/10784","targetHints":{"allow":["GET"]}}],"collection":[{"href":"https:\/\/www.mundusmaris.org\/fr\/wp-json\/wp\/v2\/pages"}],"about":[{"href":"https:\/\/www.mundusmaris.org\/fr\/wp-json\/wp\/v2\/types\/page"}],"author":[{"embeddable":true,"href":"https:\/\/www.mundusmaris.org\/fr\/wp-json\/wp\/v2\/users\/2"}],"replies":[{"embeddable":true,"href":"https:\/\/www.mundusmaris.org\/fr\/wp-json\/wp\/v2\/comments?post=10784"}],"version-history":[{"count":3,"href":"https:\/\/www.mundusmaris.org\/fr\/wp-json\/wp\/v2\/pages\/10784\/revisions"}],"predecessor-version":[{"id":10787,"href":"https:\/\/www.mundusmaris.org\/fr\/wp-json\/wp\/v2\/pages\/10784\/revisions\/10787"}],"wp:attachment":[{"href":"https:\/\/www.mundusmaris.org\/fr\/wp-json\/wp\/v2\/media?parent=10784"}],"wp:term":[{"taxonomy":"categoria-pagina","embeddable":true,"href":"https:\/\/www.mundusmaris.org\/fr\/wp-json\/wp\/v2\/categoria-pagina?post=10784"}],"curies":[{"name":"wp","href":"https:\/\/api.w.org\/{rel}","templated":true}]}}