{"id":7774,"date":"2023-12-27T07:46:34","date_gmt":"2023-12-27T07:46:34","guid":{"rendered":"http:\/\/www.mundusmaris.org\/recursos\/book-of-the-marine-world\/"},"modified":"2024-10-11T08:10:05","modified_gmt":"2024-10-11T08:10:05","slug":"book-of-the-marine-world","status":"publish","type":"page","link":"https:\/\/www.mundusmaris.org\/es\/book-of-the-marine-world\/","title":{"rendered":"Libro del Mundo Marino"},"content":{"rendered":"<div class=\"fusion-fullwidth fullwidth-box fusion-builder-row-1 fusion-flex-container has-pattern-background has-mask-background nonhundred-percent-fullwidth non-hundred-percent-height-scrolling\" style=\"--awb-border-radius-top-left:0px;--awb-border-radius-top-right:0px;--awb-border-radius-bottom-right:0px;--awb-border-radius-bottom-left:0px;--awb-flex-wrap:wrap;\" ><div class=\"fusion-builder-row fusion-row fusion-flex-align-items-flex-start fusion-flex-content-wrap\" style=\"max-width:1248px;margin-left: calc(-4% \/ 2 );margin-right: calc(-4% \/ 2 );\"><div class=\"fusion-layout-column fusion_builder_column fusion-builder-column-0 fusion_builder_column_1_1 1_1 fusion-flex-column\" style=\"--awb-bg-size:cover;--awb-width-large:100%;--awb-margin-top-large:0px;--awb-spacing-right-large:1.92%;--awb-margin-bottom-large:20px;--awb-spacing-left-large:1.92%;--awb-width-medium:100%;--awb-order-medium:0;--awb-spacing-right-medium:1.92%;--awb-spacing-left-medium:1.92%;--awb-width-small:100%;--awb-order-small:0;--awb-spacing-right-small:1.92%;--awb-spacing-left-small:1.92%;\"><div class=\"fusion-column-wrapper fusion-column-has-shadow fusion-flex-justify-content-flex-start fusion-content-layout-column\"><div class=\"fusion-text fusion-text-1\"><h4><em><q>Pongamos el oc\u00e9ano en primer lugar<\/q><\/em><\/h4>\n<p>El Secretario General de las Naciones Unidas dice en su mensaje por el D\u00eda Mundial de los Oc\u00e9anos, el 8 de junio de 2023, instando a todos a seguir luchando por la recuperaci\u00f3n, la conservaci\u00f3n y el uso sostenible de los recursos. \u00abLa humanidad cuenta con el oc\u00e9ano. Pero, \u00bfpuede el oc\u00e9ano contar con nosotros?  <\/p>\n<p>Con este esp\u00edritu, <em>Mundus maris<\/em> ha movilizado a muchos, especialmente a los j\u00f3venes, desde 2013 para celebrar el D\u00eda Mundial de los Oc\u00e9anos. A\u00f1o tras a\u00f1o organizamos jornadas de limpieza, participamos en actividades deportivas al aire libre, representaciones teatrales y musicales, entre otras, en pa\u00edses de tres continentes. <\/p>\n<p>Durante varios a\u00f1os, tambi\u00e9n invitamos a participar en los concursos de los Premios <em>Mundus maris<\/em> inspirados en el lema de la ONU para cada a\u00f1o entre 2014 y 2020. Maravillosos miembros del jurado internacional eligieron a los ganadores. Algunos participantes actuaron por su cuenta, otros fueron entrenados por maestros fuertemente dedicados a la alfabetizaci\u00f3n oce\u00e1nica y al avance personal de sus estudiantes. En la medida en que llegamos a conocerlos, todos ellos se mencionan con gran agradecimiento y respeto en la edici\u00f3n de El Libro del Mundo Marino &#8211; <em>Premios Mundus maris<\/em> 2014 a 2020, ahora disponible en l\u00ednea y en forma impresa.     <\/p>\n<p>Este libro est\u00e1 dedicado a la Dra. Mechthild (Mecki) Kronen, ex miembro de la junta directiva de <em>Mundus maris<\/em>, quien falleci\u00f3 tr\u00e1gicamente despu\u00e9s de una grave enfermedad. Hasta el final sigui\u00f3 confesando lo mucho que amaba la vida, el oc\u00e9ano, las monta\u00f1as, la naturaleza, todas las personas a las que hab\u00eda tocado con su presencia viviendo y viajando por diferentes partes del mundo. Hab\u00eda seleccionado la mayor\u00eda de las muy diversas propuestas que recib\u00edamos ahora reunidas en este libro.  <\/p>\n<\/div><div class=\"fusion-image-element awb-imageframe-style awb-imageframe-style-below awb-imageframe-style-1\" style=\"text-align:center;--awb-margin-bottom:40px;--awb-caption-title-font-family:var(--h2_typography-font-family);--awb-caption-title-font-weight:var(--h2_typography-font-weight);--awb-caption-title-font-style:var(--h2_typography-font-style);--awb-caption-title-size:var(--h2_typography-font-size);--awb-caption-title-transform:var(--h2_typography-text-transform);--awb-caption-title-line-height:var(--h2_typography-line-height);--awb-caption-title-letter-spacing:var(--h2_typography-letter-spacing);\"><span class=\" fusion-imageframe imageframe-none imageframe-1 hover-type-none\"><img decoding=\"async\" width=\"1753\" height=\"1247\" src=\"http:\/\/www.mundusmaris.org\/wp-content\/uploads\/2023\/12\/Book_MarineWorld_A4_Cover.jpg\" alt class=\"img-responsive wp-image-985\" srcset=\"https:\/\/www.mundusmaris.org\/wp-content\/uploads\/2023\/12\/Book_MarineWorld_A4_Cover-200x142.jpg 200w, https:\/\/www.mundusmaris.org\/wp-content\/uploads\/2023\/12\/Book_MarineWorld_A4_Cover-400x285.jpg 400w, https:\/\/www.mundusmaris.org\/wp-content\/uploads\/2023\/12\/Book_MarineWorld_A4_Cover-600x427.jpg 600w, https:\/\/www.mundusmaris.org\/wp-content\/uploads\/2023\/12\/Book_MarineWorld_A4_Cover-800x569.jpg 800w, https:\/\/www.mundusmaris.org\/wp-content\/uploads\/2023\/12\/Book_MarineWorld_A4_Cover-1200x854.jpg 1200w, https:\/\/www.mundusmaris.org\/wp-content\/uploads\/2023\/12\/Book_MarineWorld_A4_Cover.jpg 1753w\" sizes=\"(max-width: 640px) 100vw, 1200px\" \/><\/span><div class=\"awb-imageframe-caption-container\"><div class=\"awb-imageframe-caption\"><\/div><\/div><\/div><div class=\"fusion-text fusion-text-2\"><p>Nos sentimos gratificados de habernos beneficiado de tanta colaboraci\u00f3n amable e interesantes contribuciones. Estamos especialmente agradecidos de que el lema de las Naciones Unidas de 2018 para el D\u00eda Mundial de los Oc\u00e9anos, \u00abUn oc\u00e9ano libre de pl\u00e1sticos\u00bb, est\u00e9 ahora en el centro de las negociaciones internacionales para un tratado vinculante que ponga freno a la dif\u00edcil situaci\u00f3n, que se finalizar\u00e1 a m\u00e1s tardar a finales de 2024. Que el libro contribuya a la determinaci\u00f3n de m\u00e1s y m\u00e1s ciudadanos en todos los rincones de poner el oc\u00e9ano en primer lugar, la fuente de la vida. Si desea una copia impresa, p\u00f3ngase en contacto con nosotros como <a href=\"mailto:info@mundusmaris.org\">info@mundusmaris.org.<\/a><\/p>\n<\/div><div style=\"text-align:center;\"><a class=\"fusion-button button-flat fusion-button-default-size button-default fusion-button-default button-1 fusion-button-default-span fusion-button-default-type\" style=\"--awb-margin-top:30px;\" target=\"_blank\" rel=\"noopener noreferrer\" title=\"Descargar el Libro del Mundo Marie\" aria-label=\"Descargar el Libro del Mundo Marie\" href=\"http:\/\/www.mundusmaris.org\/wp-content\/uploads\/2023\/12\/Book_MarineWorld_small.pdf\"><span class=\"fusion-button-text awb-button__text awb-button__text--default\">Descargue la versi\u00f3n electr\u00f3nica aqu\u00ed<\/span><\/a><\/div><\/div><\/div><\/div><\/div>\n","protected":false},"excerpt":{"rendered":"","protected":false},"author":1,"featured_media":0,"parent":0,"menu_order":40,"comment_status":"closed","ping_status":"closed","template":"100-width.php","meta":{"_acf_changed":false,"footnotes":""},"categoria-pagina":[],"class_list":["post-7774","page","type-page","status-publish","hentry"],"acf":[],"_links":{"self":[{"href":"https:\/\/www.mundusmaris.org\/es\/wp-json\/wp\/v2\/pages\/7774","targetHints":{"allow":["GET"]}}],"collection":[{"href":"https:\/\/www.mundusmaris.org\/es\/wp-json\/wp\/v2\/pages"}],"about":[{"href":"https:\/\/www.mundusmaris.org\/es\/wp-json\/wp\/v2\/types\/page"}],"author":[{"embeddable":true,"href":"https:\/\/www.mundusmaris.org\/es\/wp-json\/wp\/v2\/users\/1"}],"replies":[{"embeddable":true,"href":"https:\/\/www.mundusmaris.org\/es\/wp-json\/wp\/v2\/comments?post=7774"}],"version-history":[{"count":21,"href":"https:\/\/www.mundusmaris.org\/es\/wp-json\/wp\/v2\/pages\/7774\/revisions"}],"predecessor-version":[{"id":10848,"href":"https:\/\/www.mundusmaris.org\/es\/wp-json\/wp\/v2\/pages\/7774\/revisions\/10848"}],"wp:attachment":[{"href":"https:\/\/www.mundusmaris.org\/es\/wp-json\/wp\/v2\/media?parent=7774"}],"wp:term":[{"taxonomy":"categoria-pagina","embeddable":true,"href":"https:\/\/www.mundusmaris.org\/es\/wp-json\/wp\/v2\/categoria-pagina?post=7774"}],"curies":[{"name":"wp","href":"https:\/\/api.w.org\/{rel}","templated":true}]}}