{"id":7593,"date":"2024-03-25T10:36:18","date_gmt":"2024-03-25T10:36:18","guid":{"rendered":"http:\/\/www.mundusmaris.org\/volontariado\/"},"modified":"2024-09-06T15:07:27","modified_gmt":"2024-09-06T15:07:27","slug":"voluntariado","status":"publish","type":"page","link":"https:\/\/www.mundusmaris.org\/es\/voluntariado\/","title":{"rendered":"Voluntariado"},"content":{"rendered":"<div class=\"fusion-fullwidth fullwidth-box fusion-builder-row-1 fusion-flex-container has-pattern-background has-mask-background nonhundred-percent-fullwidth non-hundred-percent-height-scrolling\" style=\"--awb-border-radius-top-left:0px;--awb-border-radius-top-right:0px;--awb-border-radius-bottom-right:0px;--awb-border-radius-bottom-left:0px;--awb-flex-wrap:wrap;\" ><div class=\"fusion-builder-row fusion-row fusion-flex-align-items-flex-start fusion-flex-content-wrap\" style=\"max-width:1248px;margin-left: calc(-4% \/ 2 );margin-right: calc(-4% \/ 2 );\"><div class=\"fusion-layout-column fusion_builder_column fusion-builder-column-0 fusion_builder_column_1_1 1_1 fusion-flex-column\" style=\"--awb-bg-size:cover;--awb-width-large:100%;--awb-margin-top-large:0px;--awb-spacing-right-large:1.92%;--awb-margin-bottom-large:20px;--awb-spacing-left-large:1.92%;--awb-width-medium:100%;--awb-order-medium:0;--awb-spacing-right-medium:1.92%;--awb-spacing-left-medium:1.92%;--awb-width-small:100%;--awb-order-small:0;--awb-spacing-right-small:1.92%;--awb-spacing-left-small:1.92%;\"><div class=\"fusion-column-wrapper fusion-column-has-shadow fusion-flex-justify-content-flex-start fusion-content-layout-column\"><div class=\"fusion-text fusion-text-1\"><p lang=\"es-ES\">Puedes mostrar tu aprecio por lo que hace<em>\u00a0Mundus maris<\/em>, donando tu tiempo y tu entusiasmo. La asociaci\u00f3n trabaja \u00fanicamente con voluntarios, por lo que cualquier ayuda que puedas ofrecer es muy valiosa. Puedes colaborar en diversas actividades:<\/p>\n<ul>\n<li><strong>Traductores<\/strong>. \u00bfTu lengua materna es el franc\u00e9s? \u00bfEl espa\u00f1ol? \u00bfEl italiano? \u00bfEl alem\u00e1n? \u00bfEl ingl\u00e9s? Necesitamos traductores para los art\u00edculos que aparecen en la p\u00e1gina web. Tambi\u00e9n necesitamos correcciones de pruebas en la lengua materna. Elige una p\u00e1gina que te interese y\u00a0<span id=\"cloak6be846d216d1f75605558d92faec672c\"><a href=\"mailto:info@mundusmaris.org\">ponte en contacto con nosotros<\/a><\/span>.<\/li>\n<li><strong>Miembros del equipo editorial<\/strong>. \u00bfTe imaginas formar parte del equipo editorial de la p\u00e1gina web y del bolet\u00edn de noticias? Recibimos art\u00edculos de personas de diferentes partes del mundo; muchos no tienen el ingl\u00e9s como idioma principal. No queremos que eso sea un factor excluyente: siempre y cuando la gente tenga algo interesante que decir, queremos que lo expresen. Hacemos el pulido del estilo de manera que la parte importante, el contenido, sea claro y f\u00e1cil de leer. \u00bfEst\u00e1s preparado para la tarea?\u00a0<span id=\"cloakc386a9469daa15f7b6312b94df8253cd\"><a href=\"mailto:info@mundusmaris.org\">Ponte en contacto<\/a><\/span>\u00a0con nosotros.<\/li>\n<li><strong>Creadores de p\u00e1ginas web<\/strong>. Estamos actualizando y mejoranado constantemente la p\u00e1gina web de\u00a0<em>Mundus maris<\/em>\u00a0y de nuestro canal de YouTube. Si tienes cualquier experiencia en el desarrollo de la web o de Joomla!,\u00a0<span id=\"cloak767a7158615586784237ef9f25a5ce1b\"><a href=\"mailto:info@mundusmaris.org\">nos encantar\u00eda conocerte<\/a><\/span>.<\/li>\n<li><strong>Coordinadores de noticias y prensa<\/strong>.\u00a0<em>Mundus maris<\/em>\u00a0informa constantemente a sus miembros y otros interesados sobre los \u00faltimos acontecimientos, actividades, exposiciones, etc., sobre los oc\u00e9anos. Cualquier persona puede participar en esta actividad simplemente\u00a0<span id=\"cloak873a6b08e99988e8761b5fe247fd402f\"><a href=\"mailto:info@mundusmaris.org\">presentando su propio art\u00edculo<\/a><\/span>.<\/li>\n<li><strong>Coordinadores de redes sociales<\/strong>. Estas fascinado por Facebook, Twitter y LinkedIn? Buscamos personas entusiastas que quieran ser voluntarias un par de horas a la semana para ayudar a promover Mundus maris y retransmitir canales de noticias a nuestras redes utilizando los medios de comunicaci\u00f3n social. Por favor,\u00a0<span id=\"cloakb35661dd262d88a0f109bd12980d2db8\"><a href=\"mailto:info@mundusmaris.org\">p\u00f3nte en contacto<\/a><\/span>\u00a0con nosotros.<\/li>\n<li><strong>Productores de v\u00eddeo<\/strong>: \u00bfEres un entusiasta del v\u00eddeo y tienes nociones de postproducci\u00f3n? Estamos buscando colaboradores para producir m\u00e1s cortometrajes sobre la conservaci\u00f3n de los oc\u00e9anos y otros aspectos de nuestro trabajo. Puedes ponerte en contacto con nosotros\u00a0<span id=\"cloak33c007c1f2467a90b965a62ef96d983d\"><a href=\"mailto:info@mundusmaris.org\">aqu\u00ed<\/a><\/span>.<\/li>\n<\/ul>\n<p>Para discutir cualquiera de estas opciones y otras formas de colaboraci\u00f3n voluntaria con\u00a0<em>Mundus maris<\/em>,\u00a0<span id=\"cloak464d758ed2a356c1aadb1f276b0176bd\"><a href=\"mailto:info@mundusmaris.org\">ponte en contacto<\/a><\/span>\u00a0con nosotros.<\/p>\n<\/div><\/div><\/div><\/div><\/div>\n","protected":false},"excerpt":{"rendered":"","protected":false},"author":2,"featured_media":0,"parent":0,"menu_order":0,"comment_status":"closed","ping_status":"closed","template":"","meta":{"_acf_changed":false,"footnotes":""},"categoria-pagina":[],"class_list":["post-7593","page","type-page","status-publish","hentry"],"acf":[],"_links":{"self":[{"href":"https:\/\/www.mundusmaris.org\/es\/wp-json\/wp\/v2\/pages\/7593","targetHints":{"allow":["GET"]}}],"collection":[{"href":"https:\/\/www.mundusmaris.org\/es\/wp-json\/wp\/v2\/pages"}],"about":[{"href":"https:\/\/www.mundusmaris.org\/es\/wp-json\/wp\/v2\/types\/page"}],"author":[{"embeddable":true,"href":"https:\/\/www.mundusmaris.org\/es\/wp-json\/wp\/v2\/users\/2"}],"replies":[{"embeddable":true,"href":"https:\/\/www.mundusmaris.org\/es\/wp-json\/wp\/v2\/comments?post=7593"}],"version-history":[{"count":3,"href":"https:\/\/www.mundusmaris.org\/es\/wp-json\/wp\/v2\/pages\/7593\/revisions"}],"predecessor-version":[{"id":8527,"href":"https:\/\/www.mundusmaris.org\/es\/wp-json\/wp\/v2\/pages\/7593\/revisions\/8527"}],"wp:attachment":[{"href":"https:\/\/www.mundusmaris.org\/es\/wp-json\/wp\/v2\/media?parent=7593"}],"wp:term":[{"taxonomy":"categoria-pagina","embeddable":true,"href":"https:\/\/www.mundusmaris.org\/es\/wp-json\/wp\/v2\/categoria-pagina?post=7593"}],"curies":[{"name":"wp","href":"https:\/\/api.w.org\/{rel}","templated":true}]}}