{"id":7580,"date":"2024-01-08T09:07:23","date_gmt":"2024-01-08T09:07:23","guid":{"rendered":"http:\/\/www.mundusmaris.org\/donar\/"},"modified":"2025-05-27T12:13:09","modified_gmt":"2025-05-27T12:13:09","slug":"donar","status":"publish","type":"page","link":"https:\/\/www.mundusmaris.org\/es\/donar\/","title":{"rendered":"Donar"},"content":{"rendered":"<div class=\"fusion-fullwidth fullwidth-box fusion-builder-row-1 fusion-flex-container has-pattern-background has-mask-background nonhundred-percent-fullwidth non-hundred-percent-height-scrolling\" style=\"--awb-border-radius-top-left:0px;--awb-border-radius-top-right:0px;--awb-border-radius-bottom-right:0px;--awb-border-radius-bottom-left:0px;--awb-flex-wrap:wrap;\" ><div class=\"fusion-builder-row fusion-row fusion-flex-align-items-flex-start fusion-flex-content-wrap\" style=\"max-width:1248px;margin-left: calc(-4% \/ 2 );margin-right: calc(-4% \/ 2 );\"><div class=\"fusion-layout-column fusion_builder_column fusion-builder-column-0 fusion_builder_column_1_1 1_1 fusion-flex-column\" style=\"--awb-bg-size:cover;--awb-width-large:100%;--awb-margin-top-large:0px;--awb-spacing-right-large:1.92%;--awb-margin-bottom-large:20px;--awb-spacing-left-large:1.92%;--awb-width-medium:100%;--awb-order-medium:0;--awb-spacing-right-medium:1.92%;--awb-spacing-left-medium:1.92%;--awb-width-small:100%;--awb-order-small:0;--awb-spacing-right-small:1.92%;--awb-spacing-left-small:1.92%;\"><div class=\"fusion-column-wrapper fusion-column-has-shadow fusion-flex-justify-content-flex-start fusion-content-layout-column\"><div class=\"fusion-text fusion-text-1\"><p>Si desea ver unos ecosistemas marinos ricos y saludables y unas comunidades costeras pr\u00f3speras, si desea recibir informaci\u00f3n y que se tomen medidas preventivas contra la contaminaci\u00f3n marina por pl\u00e1sticos y contra el cambio clim\u00e1tico, \u00a1apoye nuestras actividades!<\/p>\n<p><strong>Como organizaci\u00f3n ben\u00e9fica, dependemos totalmente de dinero donado a nosotros, por lo que cada contribuci\u00f3n es muy apreciada!<\/strong><\/p>\n<p>Son especialmente bienvenidas las donaciones mensuales peri\u00f3dicas, que nos permitir\u00e1n responder con agilidad a las crecientes necesidadess y demandas de protecci\u00f3n de los oc\u00e9anos.<\/p>\n<p>Una contribuci\u00f3n financiera de una sola vez tambi\u00e9n ser\u00eda muy bienvenida.<\/p>\n<p>Por favor haga su transferencia a:<\/p>\n<p><strong>IBAN: BE54 0688 9178 6297 BIC\/SWIFT: GKCCBEBB<\/strong><\/p>\n<p>Beneficiario: Mundus maris asbl<\/p>\n<p>Banco Belfius, Avenue de Tervueren \/ Tervuerenlaan 255 \u2013 1150 Woluwe-Saint-Pierre \/ Sint-Pieters-Woluwe, B\u00e9lgica<\/p>\n<p>Tenga la seguridad: no importa qu\u00e9 cantidad, su contribuci\u00f3n har\u00e1 una diferencia.<\/p>\n<\/div><\/div><\/div><\/div><\/div>\n","protected":false},"excerpt":{"rendered":"","protected":false},"author":2,"featured_media":0,"parent":0,"menu_order":0,"comment_status":"closed","ping_status":"closed","template":"","meta":{"_acf_changed":false,"footnotes":""},"categoria-pagina":[],"class_list":["post-7580","page","type-page","status-publish","hentry"],"acf":[],"_links":{"self":[{"href":"https:\/\/www.mundusmaris.org\/es\/wp-json\/wp\/v2\/pages\/7580","targetHints":{"allow":["GET"]}}],"collection":[{"href":"https:\/\/www.mundusmaris.org\/es\/wp-json\/wp\/v2\/pages"}],"about":[{"href":"https:\/\/www.mundusmaris.org\/es\/wp-json\/wp\/v2\/types\/page"}],"author":[{"embeddable":true,"href":"https:\/\/www.mundusmaris.org\/es\/wp-json\/wp\/v2\/users\/2"}],"replies":[{"embeddable":true,"href":"https:\/\/www.mundusmaris.org\/es\/wp-json\/wp\/v2\/comments?post=7580"}],"version-history":[{"count":3,"href":"https:\/\/www.mundusmaris.org\/es\/wp-json\/wp\/v2\/pages\/7580\/revisions"}],"predecessor-version":[{"id":16957,"href":"https:\/\/www.mundusmaris.org\/es\/wp-json\/wp\/v2\/pages\/7580\/revisions\/16957"}],"wp:attachment":[{"href":"https:\/\/www.mundusmaris.org\/es\/wp-json\/wp\/v2\/media?parent=7580"}],"wp:term":[{"taxonomy":"categoria-pagina","embeddable":true,"href":"https:\/\/www.mundusmaris.org\/es\/wp-json\/wp\/v2\/categoria-pagina?post=7580"}],"curies":[{"name":"wp","href":"https:\/\/api.w.org\/{rel}","templated":true}]}}