{"id":2030,"date":"2023-12-15T11:25:52","date_gmt":"2023-12-15T11:25:52","guid":{"rendered":"http:\/\/www.mundusmaris.org\/sobre-nosotros\/"},"modified":"2025-05-27T12:15:49","modified_gmt":"2025-05-27T12:15:49","slug":"sobre-nosotros","status":"publish","type":"page","link":"https:\/\/www.mundusmaris.org\/es\/sobre-nosotros\/","title":{"rendered":"Sobre Nosotros"},"content":{"rendered":"<p><div class=\"fusion-fullwidth fullwidth-box fusion-builder-row-1 fusion-flex-container nonhundred-percent-fullwidth non-hundred-percent-height-scrolling\" style=\"--awb-border-radius-top-left:0px;--awb-border-radius-top-right:0px;--awb-border-radius-bottom-right:0px;--awb-border-radius-bottom-left:0px;--awb-flex-wrap:wrap;\" ><div class=\"fusion-builder-row fusion-row fusion-flex-align-items-flex-start fusion-flex-content-wrap\" style=\"max-width:1248px;margin-left: calc(-4% \/ 2 );margin-right: calc(-4% \/ 2 );\"><div class=\"fusion-layout-column fusion_builder_column fusion-builder-column-0 fusion_builder_column_1_1 1_1 fusion-flex-column\" style=\"--awb-bg-blend:overlay;--awb-bg-size:cover;--awb-width-large:100%;--awb-margin-top-large:0px;--awb-spacing-right-large:1.92%;--awb-margin-bottom-large:0px;--awb-spacing-left-large:1.92%;--awb-width-medium:100%;--awb-spacing-right-medium:1.92%;--awb-spacing-left-medium:1.92%;--awb-width-small:100%;--awb-spacing-right-small:1.92%;--awb-spacing-left-small:1.92%;\"><div class=\"fusion-column-wrapper fusion-flex-justify-content-flex-start fusion-content-layout-column\"><div class=\"fusion-text fusion-text-1\"><h1>Mundus maris &#8211; Ciencias y Artes para la Sostenibildad asbl<\/h1>\n<h3>Nuestra misi\u00f3n<\/h3>\n<p>Proveer conocimientos cient\u00edficos y nativos relevantes y alentar la expresi\u00f3n art\u00edstica acerca del mar para promover su restablecimiento, conservaci\u00f3n y uso sostenible, fomentar el estudio, entendimiento y respeto a los ecosistemas acu\u00e1ticos y la diversidad biol\u00f3gica y cultural asociada.<\/p>\n<p><strong>Vea los boletines mensuales recientes y los informes anuales a continuaci\u00f3n con enlaces a nuestras actividades.<\/strong><\/p>\n<h3>\u00bfQui\u00e9nes somos?<\/h3>\n<p>Somos cient\u00edficos, artistas, profesores y padres preocupados de diferentes regiones del mundo, que hemos unidos nuestros esfuerzos para promover la transici\u00f3n hacia valores y pr\u00e1cticas de sostenibilidad y de vidas humanas dignas.<\/p>\n<h3>Los objetivos de la Iniciativa<\/h3>\n<ul>\n<li>Hacer accesibles conocimientos[including &#8216;ethno-scientific&#8217; knowledge] cient\u00edficamente validados (incluyendo conocimientos \u00e9tnico-cient\u00edficos) a no-especialistas de manera que faciliten el compromiso cr\u00edtico y alienten el uso activo de tales conocimientos para promover la sostenibilidad.<\/li>\n<li>Fomentar la expresi\u00f3n art\u00edstica en respuesta al conocimiento cient\u00edfico reflejando diversas maneras de \u201csaber\u201d.<\/li>\n<li>Posibilitar la interacci\u00f3n social y la apropiaci\u00f3n de conocimientos para el entendimiento de los ecosistemas marinos y costeros, por un lado, y de culturas marinas, por otro.<\/li>\n<li>Apoyar el desarrollo de cooperaci\u00f3n internacional entre escuelas y otras entidades dedicadas a la educaci\u00f3n, adquisici\u00f3n, valoraci\u00f3n y utilizaci\u00f3n colectiva de conocimientos y actividades asociadas.<\/li>\n<li>Fomentar el desarrollo de herramientas did\u00e1cticas para la educaci\u00f3n y el auto-aprendizaje.<\/li>\n<li>Proveer un dep\u00f3sito para acumular y compartir informaci\u00f3n, conocimientos y experiencias sobre iniciativas y actividades en el \u00e1mbito p\u00fablico.<\/li>\n<li>Exhibir las obras de estudiantes y otras personas con la aspiraci\u00f3n de obtener conocimientos del mar a trav\u00e9s de exhibiciones y otras formas de expresi\u00f3n audio-visual y escrita.<\/li>\n<li>Alentar y promover la valoraci\u00f3n del capital social y herencia cultural de las comunidades pesqueras en la b\u00fasqueda de relaciones sostenibles con el mar y la costa, por intermedio de exhibiciones y otras formas de comunicaci\u00f3n.<\/li>\n<\/ul>\n<h3>Propuestas para la implementaci\u00f3n<\/h3>\n<ul>\n<li>Extraer informaci\u00f3n relevante de las mejores fuentes cient\u00edficas existentes y hacerla accesible especialmente a los j\u00f3venes y los estudiantes;<\/li>\n<li>Promover una mejor valoraci\u00f3n del conocimiento ind\u00edgena para alcanzar la transici\u00f3n hacia la sostenibilidad alentando la colaboraci\u00f3n activa entre investigadores, artistas, profesores, estudiantes y comunidades locales, incluyendo el apoyo de publicaciones y otros medios de comunicaci\u00f3n;<\/li>\n<li>Alentar a los j\u00f3venes para que hagan sus propias investigaciones sobre la crisis pesquera y los desaf\u00edos ambientales y sociales originados por la degradaci\u00f3n de los oc\u00e9anos y las costas;<\/li>\n<li>Alentar y apoyar las escuelas para acrecentar su rol como plataformas para una mayor conciencia colectiva de las pr\u00f3ximas generaciones sobre la importancia de asegurar la biodiversidad y la diversidad cultural;<\/li>\n<li>Promover una cultura cient\u00edfica de mares y oc\u00e9anos, que enfatice la incorporaci\u00f3n de cursos integrados con una orientaci\u00f3n ambiental y social en los programas escolares;<\/li>\n<li>Comprometer a cient\u00edficos y artistas para actualizar constantemente la informaci\u00f3n y experiencias y compartir sus conocimientos y percepciones con la gente joven;<\/li>\n<li>Ayudar a desarrollar la cooperaci\u00f3n internacional entre escuelas \u2013 tanto entre estudiantes y profesores como entre cient\u00edficos y artistas;<\/li>\n<li>Documentar y compartir el desarrollo en cooperaci\u00f3n, las lecciones y los resultados;<\/li>\n<li>Proveer un foro de discusi\u00f3n sobre la gente y el mar;<\/li>\n<li>Usar diferentes formas de arte como medio de expresi\u00f3n;<\/li>\n<li>Usar la moderna tecnolog\u00eda inform\u00e1tica para acumular y compartir informaci\u00f3n y experiencias;<\/li>\n<li>Contribuir con las redes sociales sobre los t\u00f3picos asociados tanto con oc\u00e9anos sanos, costas, su biodiversidad y ecosistemas, as\u00ed como las culturas humanas y las sociedades asociadas;<\/li>\n<li>Contribuir al desarrollo de planes de estudios;<\/li>\n<li>Alentar y llevar a cabo pronunciamientos y actividades en apoyo de los mares y las sociedades sanos;<\/li>\n<li>Movilizar fondos para colaboraciones a favor de los objetivos de la Iniciativa.<\/li>\n<\/ul>\n<p><strong><em>Mundus maris<\/em> es una asociaci\u00f3n sin fines de lucro con miembros in varios paises del mundo, registrada desde 2010 en Bruxelas, B\u00e9lgica: 0830328314<\/strong><\/p>\n<p><strong>El estatuto est\u00e1 disponible <a href=\"https:\/\/www.mundusmaris.org\/wp-content\/uploads\/2025\/02\/ASBL_Mundus_marisEN.pdf\" target=\"_blank\" rel=\"noopener\">aqu\u00ed en ingl\u00e9s<\/a> y <a href=\"https:\/\/www.mundusmaris.org\/wp-content\/uploads\/2025\/02\/ASBL_Mundus_marisFR.pdf\" target=\"_blank\" rel=\"noopener\">aqu\u00ed en franc\u00e9s<\/a>.<\/strong><\/p>\n<p><strong>Belfius Bank, Avenue de Tervueren \/ Tervuerenlaan 255 \u2013 1150 Woluwe-Saint-Pierre \/ Sint-Pieters-Woluwe, B\u00e9lgica, beneficiario: Mundus maris asbl<\/strong><\/p>\n<table border=\"0\">\n<tbody>\n<tr>\n<td><strong>IBAN:<\/strong><\/td>\n<td><strong>BE54<\/strong><\/td>\n<td><strong>0688<\/strong><\/td>\n<td><strong>9178<\/strong><\/td>\n<td><strong>6297<\/strong><\/td>\n<td><strong>BIC:<\/strong><\/td>\n<td><strong>GKCCBEBB<\/strong><\/td>\n<\/tr>\n<\/tbody>\n<\/table>\n<h3><\/h3>\n<h3><\/h3>\n<h3>El consejo de administraci\u00f3n de <em>Mundus maris<\/em>, elegido por la Asamblea General en marzo de 2024<\/h3>\n<\/div><\/div><\/div><\/div><\/div><div class=\"fusion-fullwidth fullwidth-box fusion-builder-row-2 fusion-flex-container has-pattern-background has-mask-background nonhundred-percent-fullwidth non-hundred-percent-height-scrolling\" style=\"--awb-border-radius-top-left:0px;--awb-border-radius-top-right:0px;--awb-border-radius-bottom-right:0px;--awb-border-radius-bottom-left:0px;--awb-flex-wrap:wrap;\" ><div class=\"fusion-builder-row fusion-row fusion-flex-align-items-flex-start fusion-flex-justify-content-center fusion-flex-content-wrap\" style=\"max-width:1248px;margin-left: calc(-4% \/ 2 );margin-right: calc(-4% \/ 2 );\"><div class=\"fusion-layout-column fusion_builder_column fusion-builder-column-1 fusion_builder_column_1_5 1_5 fusion-flex-column\" style=\"--awb-bg-size:cover;--awb-width-large:20%;--awb-margin-top-large:0px;--awb-spacing-right-large:9.6%;--awb-margin-bottom-large:20px;--awb-spacing-left-large:9.6%;--awb-width-medium:20%;--awb-order-medium:0;--awb-spacing-right-medium:9.6%;--awb-spacing-left-medium:9.6%;--awb-width-small:100%;--awb-order-small:0;--awb-spacing-right-small:1.92%;--awb-spacing-left-small:1.92%;\"><div class=\"fusion-column-wrapper fusion-column-has-shadow fusion-flex-justify-content-flex-start fusion-content-layout-column\"><div class=\"fusion-person person fusion-person-center fusion-person-1 fusion-person-icon-top PersonCard\" style=\"--awb-pic-style-color:var(--awb-color3);--awb-pic-borderradius:0px;--awb-margin-top:0px;--awb-margin-right:0px;--awb-margin-bottom:0px;--awb-margin-left:0px;--awb-social-box-border-top:0px;--awb-social-box-border-right:0px;--awb-social-box-border-bottom:0px;--awb-social-box-border-left:0px;--awb-social-box-border-color:var(--awb-color3);--awb-social-box-border-color-hover:var(--awb-custom_color_2);--awb-social-box-colors-hover:var(--awb-color1);--awb-social-icon-boxed-colors:var(--awb-color2);--awb-social-icon-colors:var(--awb-color6);--awb-social-icon-colors-hover:var(--awb-custom_color_2);\"><div class=\"person-shortcode-image-wrapper imageframe-liftup\"><div class=\"person-image-container\" style=\"border:0px solid var(--awb-color3);-webkit-border-radius:0px;-moz-border-radius:0px;border-radius:0px;\"><img decoding=\"async\" class=\"person-img img-responsive wp-image-1425\" width=\"150\" height=\"150\" src=\"https:\/\/www.mundusmaris.org\/wp-content\/uploads\/2024\/01\/20170702Cornelia150.jpg\" alt=\"Dr Cornelia E Nauen\" srcset=\"https:\/\/www.mundusmaris.org\/wp-content\/uploads\/2024\/01\/20170702Cornelia150-66x66.jpg 66w, https:\/\/www.mundusmaris.org\/wp-content\/uploads\/2024\/01\/20170702Cornelia150.jpg 150w\" sizes=\"(max-width: 150px) 100vw, 150px\" \/><\/div><\/div><div class=\"person-desc\" style=\"background-color:var(--awb-color1);padding:40px;margin-top:0;\"><div class=\"person-author\"><div class=\"person-author-wrapper\"><span class=\"person-name\">Dr Cornelia E Nauen<\/span><span class=\"person-title\">Presidenta<\/span><\/div><\/div><div class=\"person-content fusion-clearfix\">ec\u00f3loga marina de Europa<\/div><\/div><\/div><\/div><\/div><div class=\"fusion-layout-column fusion_builder_column fusion-builder-column-2 fusion_builder_column_1_5 1_5 fusion-flex-column\" style=\"--awb-bg-size:cover;--awb-width-large:20%;--awb-margin-top-large:0px;--awb-spacing-right-large:9.6%;--awb-margin-bottom-large:20px;--awb-spacing-left-large:9.6%;--awb-width-medium:20%;--awb-order-medium:0;--awb-spacing-right-medium:9.6%;--awb-spacing-left-medium:9.6%;--awb-width-small:100%;--awb-order-small:0;--awb-spacing-right-small:1.92%;--awb-spacing-left-small:1.92%;\"><div class=\"fusion-column-wrapper fusion-column-has-shadow fusion-flex-justify-content-flex-start fusion-content-layout-column\"><div class=\"fusion-person person fusion-person-center fusion-person-2 fusion-person-icon-top PersonCard\" style=\"--awb-pic-style-color:var(--awb-color3);--awb-pic-borderradius:0px;--awb-margin-top:0px;--awb-margin-right:0px;--awb-margin-bottom:0px;--awb-margin-left:0px;--awb-social-box-border-top:0px;--awb-social-box-border-right:0px;--awb-social-box-border-bottom:0px;--awb-social-box-border-left:0px;--awb-social-box-border-color:var(--awb-color3);--awb-social-box-border-color-hover:var(--awb-custom_color_2);--awb-social-box-colors-hover:var(--awb-color1);--awb-social-icon-boxed-colors:var(--awb-color2);--awb-social-icon-colors:var(--awb-color6);--awb-social-icon-colors-hover:var(--awb-custom_color_2);\"><div class=\"person-shortcode-image-wrapper imageframe-liftup\"><div class=\"person-image-container\" style=\"border:0px solid var(--awb-color3);-webkit-border-radius:0px;-moz-border-radius:0px;border-radius:0px;\"><a href=\"https:\/\/www.mundusmaris.org\/index.php\/en\/review\/picture\/199-pic201607\" target=\"_self\"><img decoding=\"async\" class=\"person-img img-responsive wp-image-1417\" width=\"150\" height=\"150\" src=\"https:\/\/www.mundusmaris.org\/wp-content\/uploads\/2024\/01\/20170702Stella150.jpg\" alt=\"Prof. Stella Williams\" srcset=\"https:\/\/www.mundusmaris.org\/wp-content\/uploads\/2024\/01\/20170702Stella150-66x66.jpg 66w, https:\/\/www.mundusmaris.org\/wp-content\/uploads\/2024\/01\/20170702Stella150.jpg 150w\" sizes=\"(max-width: 150px) 100vw, 150px\" \/><\/a><\/div><\/div><div class=\"person-desc\" style=\"background-color:var(--awb-color1);padding:40px;margin-top:0;\"><div class=\"person-author\"><div class=\"person-author-wrapper\"><span class=\"person-name\">Prof. Stella Williams<\/span><span class=\"person-title\">Vice-Presidenta y Secretaria Ejecutiva<\/span><\/div><\/div><div class=\"person-content fusion-clearfix\">economista agr\u00edcola de Nigeria<\/div><\/div><\/div><\/div><\/div><div class=\"fusion-layout-column fusion_builder_column fusion-builder-column-3 fusion_builder_column_1_5 1_5 fusion-flex-column\" style=\"--awb-bg-size:cover;--awb-width-large:20%;--awb-margin-top-large:0px;--awb-spacing-right-large:9.6%;--awb-margin-bottom-large:20px;--awb-spacing-left-large:9.6%;--awb-width-medium:20%;--awb-order-medium:0;--awb-spacing-right-medium:9.6%;--awb-spacing-left-medium:9.6%;--awb-width-small:100%;--awb-order-small:0;--awb-spacing-right-small:1.92%;--awb-spacing-left-small:1.92%;\"><div class=\"fusion-column-wrapper fusion-column-has-shadow fusion-flex-justify-content-flex-start fusion-content-layout-column\"><div class=\"fusion-person person fusion-person-center fusion-person-3 fusion-person-icon-top PersonCard\" style=\"--awb-pic-style-color:var(--awb-color3);--awb-pic-borderradius:0px;--awb-margin-top:0px;--awb-margin-right:0px;--awb-margin-bottom:0px;--awb-margin-left:0px;--awb-social-box-border-top:0px;--awb-social-box-border-right:0px;--awb-social-box-border-bottom:0px;--awb-social-box-border-left:0px;--awb-social-box-border-color:var(--awb-color3);--awb-social-box-border-color-hover:var(--awb-custom_color_2);--awb-social-box-colors-hover:var(--awb-color1);--awb-social-icon-boxed-colors:var(--awb-color2);--awb-social-icon-colors:var(--awb-color6);--awb-social-icon-colors-hover:var(--awb-custom_color_2);\"><div class=\"person-shortcode-image-wrapper imageframe-liftup\"><div class=\"person-image-container\" style=\"border:0px solid var(--awb-color3);-webkit-border-radius:0px;-moz-border-radius:0px;border-radius:0px;\"><img decoding=\"async\" class=\"person-img img-responsive wp-image-1429\" width=\"150\" height=\"150\" src=\"https:\/\/www.mundusmaris.org\/wp-content\/uploads\/2024\/01\/20170702Aliou150.jpg\" alt=\"Dr. Aliou Sall\" srcset=\"https:\/\/www.mundusmaris.org\/wp-content\/uploads\/2024\/01\/20170702Aliou150-66x66.jpg 66w, https:\/\/www.mundusmaris.org\/wp-content\/uploads\/2024\/01\/20170702Aliou150.jpg 150w\" sizes=\"(max-width: 150px) 100vw, 150px\" \/><\/div><\/div><div class=\"person-desc\" style=\"background-color:var(--awb-color1);padding:40px;margin-top:0;\"><div class=\"person-author\"><div class=\"person-author-wrapper\"><span class=\"person-name\">Dr. Aliou Sall<\/span><span class=\"person-title\">Vice-Presidenta<\/span><\/div><\/div><div class=\"person-content fusion-clearfix\">socio-antrop\u00f3logo con especializaci\u00f3n en pesca de Senegal<\/div><\/div><\/div><\/div><\/div><div class=\"fusion-layout-column fusion_builder_column fusion-builder-column-4 fusion_builder_column_1_5 1_5 fusion-flex-column\" style=\"--awb-bg-size:cover;--awb-width-large:20%;--awb-margin-top-large:0px;--awb-spacing-right-large:9.6%;--awb-margin-bottom-large:20px;--awb-spacing-left-large:9.6%;--awb-width-medium:20%;--awb-order-medium:0;--awb-spacing-right-medium:9.6%;--awb-spacing-left-medium:9.6%;--awb-width-small:100%;--awb-order-small:0;--awb-spacing-right-small:1.92%;--awb-spacing-left-small:1.92%;\"><div class=\"fusion-column-wrapper fusion-column-has-shadow fusion-flex-justify-content-flex-start fusion-content-layout-column\"><div class=\"fusion-person person fusion-person-center fusion-person-4 fusion-person-icon-top PersonCard\" style=\"--awb-pic-style-color:var(--awb-color3);--awb-pic-borderradius:0px;--awb-margin-top:0px;--awb-margin-right:0px;--awb-margin-bottom:0px;--awb-margin-left:0px;--awb-social-box-border-top:0px;--awb-social-box-border-right:0px;--awb-social-box-border-bottom:0px;--awb-social-box-border-left:0px;--awb-social-box-border-color:var(--awb-color3);--awb-social-box-border-color-hover:var(--awb-custom_color_2);--awb-social-box-colors-hover:var(--awb-color1);--awb-social-icon-boxed-colors:var(--awb-color2);--awb-social-icon-colors:var(--awb-color6);--awb-social-icon-colors-hover:var(--awb-custom_color_2);\"><div class=\"person-shortcode-image-wrapper imageframe-liftup\"><div class=\"person-image-container\" style=\"border:0px solid var(--awb-color3);-webkit-border-radius:0px;-moz-border-radius:0px;border-radius:0px;\"><img decoding=\"async\" class=\"person-img img-responsive wp-image-1421\" width=\"150\" height=\"150\" src=\"https:\/\/www.mundusmaris.org\/wp-content\/uploads\/2024\/01\/20170702Patricia150.jpg\" alt=\"Dr. Maria del Carmen Patricia Morales\" srcset=\"https:\/\/www.mundusmaris.org\/wp-content\/uploads\/2024\/01\/20170702Patricia150-66x66.jpg 66w, https:\/\/www.mundusmaris.org\/wp-content\/uploads\/2024\/01\/20170702Patricia150.jpg 150w\" sizes=\"(max-width: 150px) 100vw, 150px\" \/><\/div><\/div><div class=\"person-desc\" style=\"background-color:var(--awb-color1);padding:40px;margin-top:0;\"><div class=\"person-author\"><div class=\"person-author-wrapper\"><span class=\"person-name\">Dr. Maria del Carmen Patricia Morales<\/span><span class=\"person-title\">Vice-Presidenta<\/span><\/div><\/div><div class=\"person-content fusion-clearfix\">diplomada en filosof\u00eda y \u00e9tica de la Argentina<\/div><\/div><\/div><\/div><\/div><div class=\"fusion-layout-column fusion_builder_column fusion-builder-column-5 fusion_builder_column_1_5 1_5 fusion-flex-column\" style=\"--awb-bg-size:cover;--awb-width-large:20%;--awb-margin-top-large:0px;--awb-spacing-right-large:9.6%;--awb-margin-bottom-large:20px;--awb-spacing-left-large:9.6%;--awb-width-medium:20%;--awb-order-medium:0;--awb-spacing-right-medium:9.6%;--awb-spacing-left-medium:9.6%;--awb-width-small:100%;--awb-order-small:0;--awb-spacing-right-small:1.92%;--awb-spacing-left-small:1.92%;\"><div class=\"fusion-column-wrapper fusion-column-has-shadow fusion-flex-justify-content-flex-start fusion-content-layout-column\"><div class=\"fusion-person person fusion-person-center fusion-person-5 fusion-person-icon-top PersonCard\" style=\"--awb-pic-style-color:var(--awb-color3);--awb-pic-borderradius:0px;--awb-margin-top:0px;--awb-margin-right:0px;--awb-margin-bottom:0px;--awb-margin-left:0px;--awb-social-box-border-top:0px;--awb-social-box-border-right:0px;--awb-social-box-border-bottom:0px;--awb-social-box-border-left:0px;--awb-social-box-border-color:var(--awb-color3);--awb-social-box-border-color-hover:var(--awb-custom_color_2);--awb-social-box-colors-hover:var(--awb-color1);--awb-social-icon-boxed-colors:var(--awb-color2);--awb-social-icon-colors:var(--awb-color6);--awb-social-icon-colors-hover:var(--awb-custom_color_2);\"><div class=\"person-shortcode-image-wrapper imageframe-liftup\"><div class=\"person-image-container\" style=\"border:0px solid var(--awb-color3);-webkit-border-radius:0px;-moz-border-radius:0px;border-radius:0px;\"><img decoding=\"async\" class=\"person-img img-responsive wp-image-1413\" width=\"150\" height=\"148\" src=\"https:\/\/www.mundusmaris.org\/wp-content\/uploads\/2024\/01\/Marcelo-fondoMM_150.jpg\" alt=\"Dr. Marcelo Lino Morales Yokobori\" srcset=\"https:\/\/www.mundusmaris.org\/wp-content\/uploads\/2024\/01\/Marcelo-fondoMM_150-66x66.jpg 66w, https:\/\/www.mundusmaris.org\/wp-content\/uploads\/2024\/01\/Marcelo-fondoMM_150.jpg 150w\" sizes=\"(max-width: 150px) 100vw, 150px\" \/><\/div><\/div><div class=\"person-desc\" style=\"background-color:var(--awb-color1);padding:40px;margin-top:0;\"><div class=\"person-author\"><div class=\"person-author-wrapper\"><span class=\"person-name\">Dr. Marcelo Lino Morales Yokobori<\/span><span class=\"person-title\">Vice-Presidenta<\/span><\/div><\/div><div class=\"person-content fusion-clearfix\">bi\u00f3logo y profesor universitario de la Argentina<\/div><\/div><\/div><\/div><\/div><\/div><\/div><\/p>\n","protected":false},"excerpt":{"rendered":"","protected":false},"author":1,"featured_media":0,"parent":0,"menu_order":0,"comment_status":"closed","ping_status":"closed","template":"","meta":{"_acf_changed":false,"footnotes":""},"categoria-pagina":[],"class_list":["post-2030","page","type-page","status-publish","hentry"],"acf":[],"_links":{"self":[{"href":"https:\/\/www.mundusmaris.org\/es\/wp-json\/wp\/v2\/pages\/2030","targetHints":{"allow":["GET"]}}],"collection":[{"href":"https:\/\/www.mundusmaris.org\/es\/wp-json\/wp\/v2\/pages"}],"about":[{"href":"https:\/\/www.mundusmaris.org\/es\/wp-json\/wp\/v2\/types\/page"}],"author":[{"embeddable":true,"href":"https:\/\/www.mundusmaris.org\/es\/wp-json\/wp\/v2\/users\/1"}],"replies":[{"embeddable":true,"href":"https:\/\/www.mundusmaris.org\/es\/wp-json\/wp\/v2\/comments?post=2030"}],"version-history":[{"count":7,"href":"https:\/\/www.mundusmaris.org\/es\/wp-json\/wp\/v2\/pages\/2030\/revisions"}],"predecessor-version":[{"id":16958,"href":"https:\/\/www.mundusmaris.org\/es\/wp-json\/wp\/v2\/pages\/2030\/revisions\/16958"}],"wp:attachment":[{"href":"https:\/\/www.mundusmaris.org\/es\/wp-json\/wp\/v2\/media?parent=2030"}],"wp:term":[{"taxonomy":"categoria-pagina","embeddable":true,"href":"https:\/\/www.mundusmaris.org\/es\/wp-json\/wp\/v2\/categoria-pagina?post=2030"}],"curies":[{"name":"wp","href":"https:\/\/api.w.org\/{rel}","templated":true}]}}