{"id":7772,"date":"2023-12-27T07:46:34","date_gmt":"2023-12-27T07:46:34","guid":{"rendered":"http:\/\/www.mundusmaris.org\/ressourcen\/book-of-the-marine-world\/"},"modified":"2024-10-11T08:10:05","modified_gmt":"2024-10-11T08:10:05","slug":"book-of-the-marine-world","status":"publish","type":"page","link":"https:\/\/www.mundusmaris.org\/de\/book-of-the-marine-world\/","title":{"rendered":"Buch der Meereswelt"},"content":{"rendered":"<div class=\"fusion-fullwidth fullwidth-box fusion-builder-row-1 fusion-flex-container has-pattern-background has-mask-background nonhundred-percent-fullwidth non-hundred-percent-height-scrolling\" style=\"--awb-border-radius-top-left:0px;--awb-border-radius-top-right:0px;--awb-border-radius-bottom-right:0px;--awb-border-radius-bottom-left:0px;--awb-flex-wrap:wrap;\" ><div class=\"fusion-builder-row fusion-row fusion-flex-align-items-flex-start fusion-flex-content-wrap\" style=\"max-width:1248px;margin-left: calc(-4% \/ 2 );margin-right: calc(-4% \/ 2 );\"><div class=\"fusion-layout-column fusion_builder_column fusion-builder-column-0 fusion_builder_column_1_1 1_1 fusion-flex-column\" style=\"--awb-bg-size:cover;--awb-width-large:100%;--awb-margin-top-large:0px;--awb-spacing-right-large:1.92%;--awb-margin-bottom-large:20px;--awb-spacing-left-large:1.92%;--awb-width-medium:100%;--awb-order-medium:0;--awb-spacing-right-medium:1.92%;--awb-spacing-left-medium:1.92%;--awb-width-small:100%;--awb-order-small:0;--awb-spacing-right-small:1.92%;--awb-spacing-left-small:1.92%;\"><div class=\"fusion-column-wrapper fusion-column-has-shadow fusion-flex-justify-content-flex-start fusion-content-layout-column\"><div class=\"fusion-text fusion-text-1\"><h4><em><q>Lassen Sie uns den Ozean an die erste Stelle setzen<\/q><\/em><\/h4>\n<p>In seiner Botschaft zum Welttag des Ozeans, dem 8. Juni 2023, fordert der UN-Generalsekret\u00e4r alle auf, sich weiterhin f\u00fcr die Wiederherstellung, Erhaltung und nachhaltige Nutzung der Ressourcen einzusetzen. &#8222;Die Menschheit z\u00e4hlt auf den Ozean. Aber kann der Ozean auf uns z\u00e4hlen?\u00ab  <\/p>\n<p>In diesem Sinne mobilisiert <em>Mundus maris<\/em> seit 2013 viele, vor allem junge Menschen, um den Welttag des Ozeans zu feiern. Jahr f\u00fcr Jahr organisierten wir Aufr\u00e4umtage, f\u00fchrten Sportaktivit\u00e4ten unter freiem Himmel, Theater- und Musikauff\u00fchrungen und vieles mehr in L\u00e4ndern auf drei Kontinenten durch. <\/p>\n<p>Mehrere Jahre lang haben wir auch zur Teilnahme an Wettbewerben der <em>Mundus maris<\/em> Awards eingeladen, die jedes Jahr zwischen 2014 und 2020 unter dem Motto der Vereinten Nationen stehen. Wunderbare internationale Jurymitglieder w\u00e4hlten die Gewinner. Einige Teilnehmer handelten auf eigene Faust, andere wurden von Lehrern gecoacht, die sich stark f\u00fcr die Vermittlung von Meereskenntnissen und die pers\u00f6nliche F\u00f6rderung ihrer Sch\u00fcler einsetzten. In dem Ma\u00dfe, in dem wir sie kennengelernt haben, werden sie alle mit gro\u00dfem Dank und Respekt in der Ausgabe von The Book of the Marine World &#8211; <em>Mundus maris<\/em> Awards 2014 bis 2020 erw\u00e4hnt, die jetzt online und in gedruckter Form erh\u00e4ltlich ist.     <\/p>\n<p>Dieses Buch ist Dr. Mechthild (Mecki) Kronen gewidmet, ehemaliges Vorstandsmitglied von <em>Mundus maris<\/em>, die tragischerweise nach schwerer Krankheit verstorben ist. Bis zum Schluss beteuerte sie, wie sehr sie das Leben liebte, das Meer, die Berge, die Natur, all die vielen Menschen, die sie mit ihrer Anwesenheit ber\u00fchrt hatte, als sie in verschiedenen Teilen der Welt lebte und reiste. Sie hatte die meisten der sehr unterschiedlichen Einsendungen, die wir nun erhalten haben, in diesem Buch zusammengefasst.  <\/p>\n<\/div><div class=\"fusion-image-element awb-imageframe-style awb-imageframe-style-below awb-imageframe-style-1\" style=\"text-align:center;--awb-margin-bottom:40px;--awb-caption-title-font-family:var(--h2_typography-font-family);--awb-caption-title-font-weight:var(--h2_typography-font-weight);--awb-caption-title-font-style:var(--h2_typography-font-style);--awb-caption-title-size:var(--h2_typography-font-size);--awb-caption-title-transform:var(--h2_typography-text-transform);--awb-caption-title-line-height:var(--h2_typography-line-height);--awb-caption-title-letter-spacing:var(--h2_typography-letter-spacing);\"><span class=\" fusion-imageframe imageframe-none imageframe-1 hover-type-none\"><img decoding=\"async\" width=\"1753\" height=\"1247\" src=\"http:\/\/www.mundusmaris.org\/wp-content\/uploads\/2023\/12\/Book_MarineWorld_A4_Cover.jpg\" alt class=\"img-responsive wp-image-983\" srcset=\"https:\/\/www.mundusmaris.org\/wp-content\/uploads\/2023\/12\/Book_MarineWorld_A4_Cover-200x142.jpg 200w, https:\/\/www.mundusmaris.org\/wp-content\/uploads\/2023\/12\/Book_MarineWorld_A4_Cover-400x285.jpg 400w, https:\/\/www.mundusmaris.org\/wp-content\/uploads\/2023\/12\/Book_MarineWorld_A4_Cover-600x427.jpg 600w, https:\/\/www.mundusmaris.org\/wp-content\/uploads\/2023\/12\/Book_MarineWorld_A4_Cover-800x569.jpg 800w, https:\/\/www.mundusmaris.org\/wp-content\/uploads\/2023\/12\/Book_MarineWorld_A4_Cover-1200x854.jpg 1200w, https:\/\/www.mundusmaris.org\/wp-content\/uploads\/2023\/12\/Book_MarineWorld_A4_Cover.jpg 1753w\" sizes=\"(max-width: 640px) 100vw, 1200px\" \/><\/span><div class=\"awb-imageframe-caption-container\"><div class=\"awb-imageframe-caption\"><\/div><\/div><\/div><div class=\"fusion-text fusion-text-2\"><p>Wir freuen uns, dass wir von so viel liebensw\u00fcrdiger Zusammenarbeit und interessanten Beitr\u00e4gen profitieren konnten. Wir sind besonders dankbar, dass das UN-Motto 2018 zum Welttag der Ozeane &#8222;Ein Ozean frei von Plastik&#8220; nun im Mittelpunkt der internationalen Verhandlungen \u00fcber ein verbindliches Abkommen zur Eind\u00e4mmung der Misere stehen soll, das sp\u00e4testens Ende 2024 abgeschlossen werden soll. Lassen Sie das Buch dazu beitragen, dass immer mehr B\u00fcrger in jeder Ecke entschlossen sind, den Ozean an die erste Stelle zu setzen, die Quelle des Lebens. Wenn Sie ein gedrucktes Exemplar w\u00fcnschen, kontaktieren Sie uns bitte <a href=\"mailto:info@mundusmaris.org\">unter info@mundusmaris.org.<\/a><\/p>\n<\/div><div style=\"text-align:center;\"><a class=\"fusion-button button-flat fusion-button-default-size button-default fusion-button-default button-1 fusion-button-default-span fusion-button-default-type\" style=\"--button_margin-top:30px;\" target=\"_blank\" rel=\"noopener noreferrer\" title=\"Laden Sie das Buch der Marienwelt herunter\" aria-label=\"Laden Sie das Buch der Marienwelt herunter\" href=\"http:\/\/www.mundusmaris.org\/wp-content\/uploads\/2023\/12\/Book_MarineWorld_small.pdf\"><span class=\"fusion-button-text awb-button__text awb-button__text--default\">Laden Sie die elektronische Version hier herunter<\/span><\/a><\/div><\/div><\/div><\/div><\/div>\n","protected":false},"excerpt":{"rendered":"","protected":false},"author":1,"featured_media":0,"parent":0,"menu_order":40,"comment_status":"closed","ping_status":"closed","template":"100-width.php","meta":{"_acf_changed":false,"footnotes":""},"categoria-pagina":[],"class_list":["post-7772","page","type-page","status-publish","hentry"],"acf":[],"_links":{"self":[{"href":"https:\/\/www.mundusmaris.org\/de\/wp-json\/wp\/v2\/pages\/7772","targetHints":{"allow":["GET"]}}],"collection":[{"href":"https:\/\/www.mundusmaris.org\/de\/wp-json\/wp\/v2\/pages"}],"about":[{"href":"https:\/\/www.mundusmaris.org\/de\/wp-json\/wp\/v2\/types\/page"}],"author":[{"embeddable":true,"href":"https:\/\/www.mundusmaris.org\/de\/wp-json\/wp\/v2\/users\/1"}],"replies":[{"embeddable":true,"href":"https:\/\/www.mundusmaris.org\/de\/wp-json\/wp\/v2\/comments?post=7772"}],"version-history":[{"count":17,"href":"https:\/\/www.mundusmaris.org\/de\/wp-json\/wp\/v2\/pages\/7772\/revisions"}],"predecessor-version":[{"id":10849,"href":"https:\/\/www.mundusmaris.org\/de\/wp-json\/wp\/v2\/pages\/7772\/revisions\/10849"}],"wp:attachment":[{"href":"https:\/\/www.mundusmaris.org\/de\/wp-json\/wp\/v2\/media?parent=7772"}],"wp:term":[{"taxonomy":"categoria-pagina","embeddable":true,"href":"https:\/\/www.mundusmaris.org\/de\/wp-json\/wp\/v2\/categoria-pagina?post=7772"}],"curies":[{"name":"wp","href":"https:\/\/api.w.org\/{rel}","templated":true}]}}