{"id":7587,"date":"2024-03-25T10:36:18","date_gmt":"2024-03-25T10:36:18","guid":{"rendered":"http:\/\/www.mundusmaris.org\/engagieren-sie-sich-bei-uns-als-freiwilliger\/"},"modified":"2024-07-24T08:09:54","modified_gmt":"2024-07-24T08:09:54","slug":"engagieren-sie-sich-bei-uns-als-freiwilliger","status":"publish","type":"page","link":"https:\/\/www.mundusmaris.org\/de\/engagieren-sie-sich-bei-uns-als-freiwilliger\/","title":{"rendered":"Engagieren Sie sich bei uns als Freiwillige(r)"},"content":{"rendered":"<div class=\"fusion-fullwidth fullwidth-box fusion-builder-row-1 fusion-flex-container has-pattern-background has-mask-background nonhundred-percent-fullwidth non-hundred-percent-height-scrolling\" style=\"--awb-border-radius-top-left:0px;--awb-border-radius-top-right:0px;--awb-border-radius-bottom-right:0px;--awb-border-radius-bottom-left:0px;--awb-flex-wrap:wrap;\" ><div class=\"fusion-builder-row fusion-row fusion-flex-align-items-flex-start fusion-flex-content-wrap\" style=\"max-width:1248px;margin-left: calc(-4% \/ 2 );margin-right: calc(-4% \/ 2 );\"><div class=\"fusion-layout-column fusion_builder_column fusion-builder-column-0 fusion_builder_column_1_1 1_1 fusion-flex-column\" style=\"--awb-bg-size:cover;--awb-width-large:100%;--awb-margin-top-large:0px;--awb-spacing-right-large:1.92%;--awb-margin-bottom-large:20px;--awb-spacing-left-large:1.92%;--awb-width-medium:100%;--awb-order-medium:0;--awb-spacing-right-medium:1.92%;--awb-spacing-left-medium:1.92%;--awb-width-small:100%;--awb-order-small:0;--awb-spacing-right-small:1.92%;--awb-spacing-left-small:1.92%;\"><div class=\"fusion-column-wrapper fusion-column-has-shadow fusion-flex-justify-content-flex-start fusion-content-layout-column\"><div class=\"fusion-text fusion-text-1\"><p>Sie k\u00f6nnen Ihre Wertsch\u00e4tzung f\u00fcr das, was\u00a0<em>Mundus maris<\/em>\u00a0tut, auch durch Einbringung Ihrer Zeit und Ihrer Begeisterung zeigen! Der Verein und seine Arbeit werden ausschlie\u00dflich von ehrenamtlich Engagierten betrieben, so dass jede Hilfe, die Sie anbieten k\u00f6nnen sehr gesch\u00e4tzt wird. Sie k\u00f6nnen Ihre Zeit ehrenamtlich auf verschiedene Weise wirksam werden lassen. Hier einige M\u00f6glichkeiten:<\/p>\n<ul>\n<li class=\"western\"><b>Als \u00dcbersetzer(in)<\/b>. Ist Ihre Muttersprache Franz\u00f6sisch? Spanisch? Italienisch? Deutsch? Englisch? Wir brauchen \u00dcbersetzer f\u00fcr die Artikel auf der gesamten Webseite. Korrekturlesen in Ihrer Muttersprache ist auch sehr willkommen. W\u00e4hlen Sie eine Seite, die Sie interessiert und\u00a0<a href=\"mailto:info@mundusmaris.org\">treten Sie mit uns in Kontakt<\/a>.<\/li>\n<li><strong>Als Lektor(in).<\/strong>\u00a0Haben Sie Lust, Teil der Redaktion f\u00fcr die Website und den Newsletter zu sein? Wir erhalten Artikel von Menschen aus verschiedenen Teilen der Welt. F\u00fcr viele ist Englisch nicht ihre Muttersprache. Wir wollen nicht, dass dies ein limitierender Faktor ist, so lange die Menschen etwas Interessantes zu sagen haben. Wir m\u00f6chten, dass sie sich mitteilen k\u00f6nnen. Wir tun das durch Polieren des Textes, so dass die wichtigen Inhalte klar und einfach zu lesen sind. Ist das ein Aufgabe f\u00fcr Sie?\u00a0<span id=\"cloak6afed4335d19028692635ff84ed41bdd\"><a href=\"mailto:info@mundusmaris.org\">Kontaktieren Sie uns<\/a><\/span>, um\u00a0Teil des redaktionellen Teams zu werden.<\/li>\n<li><strong>Als Webseiten-Entwickler(in)<\/strong>. Wir aktualisieren und verbessern die Mundus maris Webseiten und und unseren YouTube-Kanal laufend. Wenn Sie Erfahrung mit Entwicklung von Internetseiten oder Joomla! haben, w\u00fcrden wir uns freuen,\u00a0<span id=\"cloakfcee039ca3c4ba59ab432549d7941c79\"><a href=\"mailto:info@mundusmaris.org\">von Ihnen zu h\u00f6ren<\/a><\/span>.<\/li>\n<li><strong>Als Nachrichten- &amp; Pressereferent(in)<\/strong>. Mundus maris h\u00e4lt seine Mitgliedern und andere Leute, die sich f\u00fcr\u00a0den Ozean interessieren auf dem Laufenden \u00fcber die neuesten Ereignisse, Aktivit\u00e4ten, Ausstellungen. Jeder kann mitmachen, indem er einfach seinen eigenen Artikels\u00a0<span id=\"cloak74a7b880f0c4b223a4cc723e6793e9f0\"><a href=\"mailto:info@mundusmaris.org\">schickt<\/a><\/span>.<\/li>\n<li><strong>Als Koordinator(in) f\u00fcr\u00a0soziale Medien<\/strong>. Sind Sie st\u00e4ndig\u00a0auf Facebook, Twitter und LinkedIn? Wir suchen begeisterte Menschen, die gerne ein paar Stunden pro Woche ehrenamtlich helfen, Mundus maris bekannter zu machen und Neuigkeiten in unsere Netzwerke weiterzuleiten, damit wir die sozialen Medien optimal nutzen.\u00a0<span id=\"cloake1efd2e9da568f2641d00858e3e6bbd0\"><a href=\"mailto:info@mundusmaris.org\">Bitte kontaktieren Sie uns<\/a><\/span>.<\/li>\n<li><strong>Video Producer(in)<\/strong>: Sind Sie ein(e) Video-Enthusiast(in) mit Erfahrung in der Postproduktion? Wir suchen Mitarbeiter(Innen) f\u00fcr die Herstellung mehrerer kurzer Videos zum Meeresschutz und anderer Aspekte unserer Arbeit. Sie k\u00f6nnen uns\u00a0<span id=\"cloak0fc62d2391b1d64715b791fe1cc3caab\"><a href=\"mailto:info@mundusmaris.org\">hier kontaktieren<\/a><\/span>.<\/li>\n<\/ul>\n<p>Um eine dieser Optionen zu besprechen oder weitere M\u00f6glichkeiten zu entdecken, wie Sie mithelfen k\u00f6nnen, die Ziele von\u00a0<em>Mundus maris<\/em>\u00a0durch Ihre ehrenamtliche Arbeit zu unterst\u00fctzen,\u00a0<span id=\"cloak7ccf816abea95a33b2efb2c361bf293d\"><a href=\"mailto:info@mundusmaris.org\">kontaktieren Sie uns<\/a><\/span>!<\/p>\n<\/div><\/div><\/div><\/div><\/div>\n","protected":false},"excerpt":{"rendered":"","protected":false},"author":2,"featured_media":0,"parent":0,"menu_order":0,"comment_status":"closed","ping_status":"closed","template":"","meta":{"_acf_changed":false,"footnotes":""},"categoria-pagina":[],"class_list":["post-7587","page","type-page","status-publish","hentry"],"acf":[],"_links":{"self":[{"href":"https:\/\/www.mundusmaris.org\/de\/wp-json\/wp\/v2\/pages\/7587","targetHints":{"allow":["GET"]}}],"collection":[{"href":"https:\/\/www.mundusmaris.org\/de\/wp-json\/wp\/v2\/pages"}],"about":[{"href":"https:\/\/www.mundusmaris.org\/de\/wp-json\/wp\/v2\/types\/page"}],"author":[{"embeddable":true,"href":"https:\/\/www.mundusmaris.org\/de\/wp-json\/wp\/v2\/users\/2"}],"replies":[{"embeddable":true,"href":"https:\/\/www.mundusmaris.org\/de\/wp-json\/wp\/v2\/comments?post=7587"}],"version-history":[{"count":2,"href":"https:\/\/www.mundusmaris.org\/de\/wp-json\/wp\/v2\/pages\/7587\/revisions"}],"predecessor-version":[{"id":7589,"href":"https:\/\/www.mundusmaris.org\/de\/wp-json\/wp\/v2\/pages\/7587\/revisions\/7589"}],"wp:attachment":[{"href":"https:\/\/www.mundusmaris.org\/de\/wp-json\/wp\/v2\/media?parent=7587"}],"wp:term":[{"taxonomy":"categoria-pagina","embeddable":true,"href":"https:\/\/www.mundusmaris.org\/de\/wp-json\/wp\/v2\/categoria-pagina?post=7587"}],"curies":[{"name":"wp","href":"https:\/\/api.w.org\/{rel}","templated":true}]}}