{"id":7577,"date":"2024-01-08T09:07:23","date_gmt":"2024-01-08T09:07:23","guid":{"rendered":"http:\/\/www.mundusmaris.org\/spenden\/"},"modified":"2024-07-24T08:05:44","modified_gmt":"2024-07-24T08:05:44","slug":"spenden","status":"publish","type":"page","link":"https:\/\/www.mundusmaris.org\/de\/spenden\/","title":{"rendered":"Spenden"},"content":{"rendered":"<div class=\"fusion-fullwidth fullwidth-box fusion-builder-row-1 fusion-flex-container has-pattern-background has-mask-background nonhundred-percent-fullwidth non-hundred-percent-height-scrolling\" style=\"--awb-border-radius-top-left:0px;--awb-border-radius-top-right:0px;--awb-border-radius-bottom-right:0px;--awb-border-radius-bottom-left:0px;--awb-flex-wrap:wrap;\" ><div class=\"fusion-builder-row fusion-row fusion-flex-align-items-flex-start fusion-flex-content-wrap\" style=\"max-width:1248px;margin-left: calc(-4% \/ 2 );margin-right: calc(-4% \/ 2 );\"><div class=\"fusion-layout-column fusion_builder_column fusion-builder-column-0 fusion_builder_column_1_1 1_1 fusion-flex-column\" style=\"--awb-bg-size:cover;--awb-width-large:100%;--awb-margin-top-large:0px;--awb-spacing-right-large:1.92%;--awb-margin-bottom-large:20px;--awb-spacing-left-large:1.92%;--awb-width-medium:100%;--awb-order-medium:0;--awb-spacing-right-medium:1.92%;--awb-spacing-left-medium:1.92%;--awb-width-small:100%;--awb-order-small:0;--awb-spacing-right-small:1.92%;--awb-spacing-left-small:1.92%;\"><div class=\"fusion-column-wrapper fusion-column-has-shadow fusion-flex-justify-content-flex-start fusion-content-layout-column\"><div class=\"fusion-text fusion-text-1\"><p>Wenn Sie robuste und gesunde Meeres-\u00d6kosysteme, prosperierende K\u00fcstengemeinschaften und keine weitere Zunahme der Quallenplagen w\u00fcnschen, unterst\u00fctzen Sie unsere Aktivit\u00e4ten!<\/p>\n<p>Wenn Sie das Meer als wichtigen Klimaschutz weiter erhalten wollen, unterst\u00fctzen Sie unsere Aktivit\u00e4ten!<\/p>\n<p><strong>Wenn Sie gesunde Meeresfische essen wollen und der Meeresverschmutzung mit Plastik und durch \u00dcberd\u00fcngung Einhalt gebieten wollen, unterst\u00fctzen Sie unsere Aktivit\u00e4ten!<\/strong><\/p>\n<p>Als non-profit Organisation sind wir vollst\u00e4ndig auf Spenden angewiesen. Deshalb sind wir f\u00fcr jede Spende dankbar.<\/p>\n<p>Ein noch so kleiner Beitrag in Form eines monatlichen Dauerauftrags ist eine besonders gro\u00dfe Hilfe, da es uns in der Planung hilft, auf die wachsende Zahl von Anfragen und Aktivit\u00e4ten positiv eingehen zu k\u00f6nnen.<\/p>\n<p>Selbstverst\u00e4ndlich freuen wir uns auch \u00fcber jede Einzelspende.<\/p>\n<p>Bitte \u00fcberweisen Sie Ihren finanziellen Beitrag auf das Mundus maris Konto bei der Belfius Bank, Rue de Linthout 224, 1040 Br\u00fcssel, Belgien<\/p>\n<p><strong>IBAN: BE54 0688 9178 6297\u00a0 \u00a0 BIC\/SWIFT: GKCCBEBB<\/strong><\/p>\n<p>Seien Sie versichert: Egal, welchen Betrag Sie zur Verf\u00fcgung stellen, Ihr Engagement wird einen Unterschied machen.<\/p>\n<\/div><\/div><\/div><\/div><\/div>\n","protected":false},"excerpt":{"rendered":"","protected":false},"author":2,"featured_media":0,"parent":0,"menu_order":0,"comment_status":"closed","ping_status":"closed","template":"","meta":{"_acf_changed":false,"footnotes":""},"categoria-pagina":[],"class_list":["post-7577","page","type-page","status-publish","hentry"],"acf":[],"_links":{"self":[{"href":"https:\/\/www.mundusmaris.org\/de\/wp-json\/wp\/v2\/pages\/7577","targetHints":{"allow":["GET"]}}],"collection":[{"href":"https:\/\/www.mundusmaris.org\/de\/wp-json\/wp\/v2\/pages"}],"about":[{"href":"https:\/\/www.mundusmaris.org\/de\/wp-json\/wp\/v2\/types\/page"}],"author":[{"embeddable":true,"href":"https:\/\/www.mundusmaris.org\/de\/wp-json\/wp\/v2\/users\/2"}],"replies":[{"embeddable":true,"href":"https:\/\/www.mundusmaris.org\/de\/wp-json\/wp\/v2\/comments?post=7577"}],"version-history":[{"count":2,"href":"https:\/\/www.mundusmaris.org\/de\/wp-json\/wp\/v2\/pages\/7577\/revisions"}],"predecessor-version":[{"id":7579,"href":"https:\/\/www.mundusmaris.org\/de\/wp-json\/wp\/v2\/pages\/7577\/revisions\/7579"}],"wp:attachment":[{"href":"https:\/\/www.mundusmaris.org\/de\/wp-json\/wp\/v2\/media?parent=7577"}],"wp:term":[{"taxonomy":"categoria-pagina","embeddable":true,"href":"https:\/\/www.mundusmaris.org\/de\/wp-json\/wp\/v2\/categoria-pagina?post=7577"}],"curies":[{"name":"wp","href":"https:\/\/api.w.org\/{rel}","templated":true}]}}